{"id":3860,"date":"2017-06-10T14:09:51","date_gmt":"2017-06-10T12:09:51","guid":{"rendered":"https:\/\/lecavo.ch\/soirees\/?page_id=3860"},"modified":"2020-10-08T08:50:17","modified_gmt":"2020-10-08T06:50:17","slug":"3860-2","status":"publish","type":"page","link":"https:\/\/lecavo.ch\/soirees\/","title":{"rendered":"Accueil"},"content":{"rendered":"<div id=\"pl-3860\"  class=\"panel-layout\" ><div id=\"pg-3860-0\"  class=\"panel-grid panel-no-style\" ><div id=\"pgc-3860-0-0\"  class=\"panel-grid-cell\" ><div id=\"panel-3860-0-0-0\" class=\"so-panel widget widget_sow-editor panel-first-child panel-last-child\" data-index=\"0\" ><div\n\t\t\t\n\t\t\tclass=\"so-widget-sow-editor so-widget-sow-editor-base\"\n\t\t\t\n\t\t>\n<div class=\"siteorigin-widget-tinymce textwidget\">\n\t<h3><div class=\"ap_tagline_box clearfix ap-left-border-box\">Imaginez !<\/div><\/h3>\n<p><img loading=\"lazy\" decoding=\"async\" class=\"alignleft size-full wp-image-3853\" src=\"https:\/\/lecavo.ch\/soirees\/soirees\/wp-content\/uploads\/le-cavo-cuissardes-domina3.png\" alt=\"Cuissardes Domina lecavo.ch\" width=\"150\" height=\"356\" \/>Imaginez un espace hors du temps, une dimension loin des turpitudes du quotidien\u2009; un lieu o\u00f9 les \u00e9motions les plus profondes se rencontrent et s\u2019entrechoquent pour s\u2019\u00e9panouir dans leurs jeux consensuels.<\/p>\n<p>Vous venez d\u2019entrer au Cav\u2019O\u2009!<\/p>\n<p>Le Cav\u2019O est un concept de soir\u00e9es BDSM que nous nous plaisons \u00e0 organiser autour de notre donjon priv\u00e9. Un endroit o\u00f9 chacun peut venir vivre ou d\u00e9couvrir ce qu\u2019il ressent au plus profond de son \u00eatre, sans jugement ni tabous.<\/p>\n<p>Ici, il n\u2019y a pas de profanes ni d\u2019experts, juste des personnes d\u00e9sireuses de vivre en toute simplicit\u00e9 ce qu\u2019ils ont en eux dans le respect et la consensualit\u00e9.<\/p>\n<p>Nous organisons de nombreuses activit\u00e9s comme des soir\u00e9es BDSM et Fetish bien s\u00fbr, mais \u00e9galement des rencontres \u00e0 th\u00e8mes, des munch d\u00e9couvertes, des workshops dans une ambiance intimiste.<\/p>\n<p>Peut-\u00eatre prendrez-vous le temps de parcourir ce site pour mieux nous conna\u00eetre. Malgr\u00e9 tout, s\u2019il vous reste des interrogations, sentez-vous libre de nous contacter.<\/p>\n<p>Bienvenue au Cav\u2019O\u2009!<\/p>\n<p><em>Jeff &amp; Nicky<\/em><\/p>\n<p style=\"text-align: center;\"><div class=\"clearfix ap-row\"><div class=\"ap_column ap-span1\"><a href=\"https:\/\/lecavo.ch\/soirees\/nous-contacter\/\" class=\"bttn ap-outline-bttn ap-small-bttn ap-default-bttn ap-align-none\">Contact<\/a><\/div>\n<div class=\"ap_column ap-span1\"><a href=\"https:\/\/lecavo.ch\/soirees\/dates\/\" class=\"bttn ap-outline-bttn ap-small-bttn ap-default-bttn ap-align-none\">Nos Soir\u00e9es<\/a><\/div><\/div><\/p>\n<p>&nbsp;<\/p>\n<\/div>\n<\/div><\/div><\/div><\/div><\/div>","protected":false},"excerpt":{"rendered":"<p>Imaginez un espace hors du temps, une dimension loin des turpitudes du quotidien\u2009; un lieu o\u00f9 les \u00e9motions les plus profondes se rencontrent et s\u2019entrechoquent pour s\u2019\u00e9panouir dans leurs jeux consensuels. Vous venez d\u2019entrer au Cav\u2019O\u2009! Le Cav\u2019O est un concept de soir\u00e9es BDSM que nous nous plaisons \u00e0 organiser autour de notre donjon priv\u00e9&#8230;.<\/p>\n","protected":false},"author":1,"featured_media":0,"parent":0,"menu_order":0,"comment_status":"closed","ping_status":"closed","template":"","meta":{"footnotes":""},"class_list":["post-3860","page","type-page","status-publish","hentry"],"yoast_head":"<!-- This site is optimized with the Yoast SEO plugin v27.1.1 - https:\/\/yoast.com\/product\/yoast-seo-wordpress\/ -->\n<title>Accueil - Le CavO<\/title>\n<meta name=\"robots\" content=\"index, follow, max-snippet:-1, max-image-preview:large, max-video-preview:-1\" \/>\n<link rel=\"canonical\" href=\"https:\/\/lecavo.ch\/soirees\/\" \/>\n<meta property=\"og:locale\" content=\"fr_FR\" \/>\n<meta property=\"og:type\" content=\"article\" \/>\n<meta property=\"og:title\" content=\"Accueil - Le CavO\" \/>\n<meta property=\"og:description\" content=\"Imaginez un espace hors du temps, une dimension loin des turpitudes du quotidien\u2009; un lieu o\u00f9 les \u00e9motions les plus profondes se rencontrent et s\u2019entrechoquent pour s\u2019\u00e9panouir dans leurs jeux consensuels. Vous venez d\u2019entrer au Cav\u2019O\u2009! Le Cav\u2019O est un concept de soir\u00e9es BDSM que nous nous plaisons \u00e0 organiser autour de notre donjon priv\u00e9....\" \/>\n<meta property=\"og:url\" content=\"https:\/\/lecavo.ch\/soirees\/\" \/>\n<meta property=\"og:site_name\" content=\"Le CavO\" \/>\n<meta property=\"article:modified_time\" content=\"2020-10-08T06:50:17+00:00\" \/>\n<meta property=\"og:image\" content=\"https:\/\/lecavo.ch\/soirees\/soirees\/wp-content\/uploads\/le-cavo-cuissardes-domina3.png\" \/>\n<meta name=\"twitter:card\" content=\"summary_large_image\" \/>\n<meta name=\"twitter:site\" content=\"@Le_CavO\" \/>\n<meta name=\"twitter:label1\" content=\"Dur\u00e9e de lecture estim\u00e9e\" \/>\n\t<meta name=\"twitter:data1\" content=\"1 minute\" \/>\n<script type=\"application\/ld+json\" class=\"yoast-schema-graph\">{\"@context\":\"https:\/\/schema.org\",\"@graph\":[{\"@type\":\"WebPage\",\"@id\":\"https:\/\/lecavo.ch\/soirees\/\",\"url\":\"https:\/\/lecavo.ch\/soirees\/\",\"name\":\"Accueil - Le CavO\",\"isPartOf\":{\"@id\":\"https:\/\/lecavo.ch\/soirees\/#website\"},\"primaryImageOfPage\":{\"@id\":\"https:\/\/lecavo.ch\/soirees\/#primaryimage\"},\"image\":{\"@id\":\"https:\/\/lecavo.ch\/soirees\/#primaryimage\"},\"thumbnailUrl\":\"https:\/\/lecavo.ch\/soirees\/soirees\/wp-content\/uploads\/le-cavo-cuissardes-domina3.png\",\"datePublished\":\"2017-06-10T12:09:51+00:00\",\"dateModified\":\"2020-10-08T06:50:17+00:00\",\"breadcrumb\":{\"@id\":\"https:\/\/lecavo.ch\/soirees\/#breadcrumb\"},\"inLanguage\":\"fr-FR\",\"potentialAction\":[{\"@type\":\"ReadAction\",\"target\":[\"https:\/\/lecavo.ch\/soirees\/\"]}]},{\"@type\":\"ImageObject\",\"inLanguage\":\"fr-FR\",\"@id\":\"https:\/\/lecavo.ch\/soirees\/#primaryimage\",\"url\":\"https:\/\/lecavo.ch\/soirees\/soirees\/wp-content\/uploads\/le-cavo-cuissardes-domina3.png\",\"contentUrl\":\"https:\/\/lecavo.ch\/soirees\/soirees\/wp-content\/uploads\/le-cavo-cuissardes-domina3.png\"},{\"@type\":\"BreadcrumbList\",\"@id\":\"https:\/\/lecavo.ch\/soirees\/#breadcrumb\",\"itemListElement\":[{\"@type\":\"ListItem\",\"position\":1,\"name\":\"Accueil\",\"item\":\"https:\/\/lecavo.ch\/soirees\/\"},{\"@type\":\"ListItem\",\"position\":2,\"name\":\"Accueil\"}]},{\"@type\":\"WebSite\",\"@id\":\"https:\/\/lecavo.ch\/soirees\/#website\",\"url\":\"https:\/\/lecavo.ch\/soirees\/\",\"name\":\"Le CavO\",\"description\":\"Ev\u00e8nements et Soir\u00e9es BDSM en Suisse Romande\",\"publisher\":{\"@id\":\"https:\/\/lecavo.ch\/soirees\/#\/schema\/person\/0250be2159f0c169e5a02c51a2133842\"},\"potentialAction\":[{\"@type\":\"SearchAction\",\"target\":{\"@type\":\"EntryPoint\",\"urlTemplate\":\"https:\/\/lecavo.ch\/soirees\/?s={search_term_string}\"},\"query-input\":{\"@type\":\"PropertyValueSpecification\",\"valueRequired\":true,\"valueName\":\"search_term_string\"}}],\"inLanguage\":\"fr-FR\"},{\"@type\":[\"Person\",\"Organization\"],\"@id\":\"https:\/\/lecavo.ch\/soirees\/#\/schema\/person\/0250be2159f0c169e5a02c51a2133842\",\"name\":\"Le CavO\",\"logo\":{\"@id\":\"https:\/\/lecavo.ch\/soirees\/#\/schema\/person\/image\/\"},\"sameAs\":[\"https:\/\/lecavo.ch\"]}]}<\/script>\n<!-- \/ Yoast SEO plugin. -->","yoast_head_json":{"title":"Accueil - Le CavO","robots":{"index":"index","follow":"follow","max-snippet":"max-snippet:-1","max-image-preview":"max-image-preview:large","max-video-preview":"max-video-preview:-1"},"canonical":"https:\/\/lecavo.ch\/soirees\/","og_locale":"fr_FR","og_type":"article","og_title":"Accueil - Le CavO","og_description":"Imaginez un espace hors du temps, une dimension loin des turpitudes du quotidien\u2009; un lieu o\u00f9 les \u00e9motions les plus profondes se rencontrent et s\u2019entrechoquent pour s\u2019\u00e9panouir dans leurs jeux consensuels. Vous venez d\u2019entrer au Cav\u2019O\u2009! Le Cav\u2019O est un concept de soir\u00e9es BDSM que nous nous plaisons \u00e0 organiser autour de notre donjon priv\u00e9....","og_url":"https:\/\/lecavo.ch\/soirees\/","og_site_name":"Le CavO","article_modified_time":"2020-10-08T06:50:17+00:00","og_image":[{"url":"https:\/\/lecavo.ch\/soirees\/soirees\/wp-content\/uploads\/le-cavo-cuissardes-domina3.png","type":"","width":"","height":""}],"twitter_card":"summary_large_image","twitter_site":"@Le_CavO","twitter_misc":{"Dur\u00e9e de lecture estim\u00e9e":"1 minute"},"schema":{"@context":"https:\/\/schema.org","@graph":[{"@type":"WebPage","@id":"https:\/\/lecavo.ch\/soirees\/","url":"https:\/\/lecavo.ch\/soirees\/","name":"Accueil - Le CavO","isPartOf":{"@id":"https:\/\/lecavo.ch\/soirees\/#website"},"primaryImageOfPage":{"@id":"https:\/\/lecavo.ch\/soirees\/#primaryimage"},"image":{"@id":"https:\/\/lecavo.ch\/soirees\/#primaryimage"},"thumbnailUrl":"https:\/\/lecavo.ch\/soirees\/soirees\/wp-content\/uploads\/le-cavo-cuissardes-domina3.png","datePublished":"2017-06-10T12:09:51+00:00","dateModified":"2020-10-08T06:50:17+00:00","breadcrumb":{"@id":"https:\/\/lecavo.ch\/soirees\/#breadcrumb"},"inLanguage":"fr-FR","potentialAction":[{"@type":"ReadAction","target":["https:\/\/lecavo.ch\/soirees\/"]}]},{"@type":"ImageObject","inLanguage":"fr-FR","@id":"https:\/\/lecavo.ch\/soirees\/#primaryimage","url":"https:\/\/lecavo.ch\/soirees\/soirees\/wp-content\/uploads\/le-cavo-cuissardes-domina3.png","contentUrl":"https:\/\/lecavo.ch\/soirees\/soirees\/wp-content\/uploads\/le-cavo-cuissardes-domina3.png"},{"@type":"BreadcrumbList","@id":"https:\/\/lecavo.ch\/soirees\/#breadcrumb","itemListElement":[{"@type":"ListItem","position":1,"name":"Accueil","item":"https:\/\/lecavo.ch\/soirees\/"},{"@type":"ListItem","position":2,"name":"Accueil"}]},{"@type":"WebSite","@id":"https:\/\/lecavo.ch\/soirees\/#website","url":"https:\/\/lecavo.ch\/soirees\/","name":"Le CavO","description":"Ev\u00e8nements et Soir\u00e9es BDSM en Suisse Romande","publisher":{"@id":"https:\/\/lecavo.ch\/soirees\/#\/schema\/person\/0250be2159f0c169e5a02c51a2133842"},"potentialAction":[{"@type":"SearchAction","target":{"@type":"EntryPoint","urlTemplate":"https:\/\/lecavo.ch\/soirees\/?s={search_term_string}"},"query-input":{"@type":"PropertyValueSpecification","valueRequired":true,"valueName":"search_term_string"}}],"inLanguage":"fr-FR"},{"@type":["Person","Organization"],"@id":"https:\/\/lecavo.ch\/soirees\/#\/schema\/person\/0250be2159f0c169e5a02c51a2133842","name":"Le CavO","logo":{"@id":"https:\/\/lecavo.ch\/soirees\/#\/schema\/person\/image\/"},"sameAs":["https:\/\/lecavo.ch"]}]}},"_links":{"self":[{"href":"https:\/\/lecavo.ch\/soirees\/wp-json\/wp\/v2\/pages\/3860","targetHints":{"allow":["GET"]}}],"collection":[{"href":"https:\/\/lecavo.ch\/soirees\/wp-json\/wp\/v2\/pages"}],"about":[{"href":"https:\/\/lecavo.ch\/soirees\/wp-json\/wp\/v2\/types\/page"}],"author":[{"embeddable":true,"href":"https:\/\/lecavo.ch\/soirees\/wp-json\/wp\/v2\/users\/1"}],"replies":[{"embeddable":true,"href":"https:\/\/lecavo.ch\/soirees\/wp-json\/wp\/v2\/comments?post=3860"}],"version-history":[{"count":0,"href":"https:\/\/lecavo.ch\/soirees\/wp-json\/wp\/v2\/pages\/3860\/revisions"}],"wp:attachment":[{"href":"https:\/\/lecavo.ch\/soirees\/wp-json\/wp\/v2\/media?parent=3860"}],"curies":[{"name":"wp","href":"https:\/\/api.w.org\/{rel}","templated":true}]}}