{"id":42,"date":"2010-02-12T09:04:25","date_gmt":"2010-02-12T08:04:25","guid":{"rendered":"http:\/\/lecavo.ch\/soirees\/?page_id=42"},"modified":"2021-08-31T11:08:36","modified_gmt":"2021-08-31T09:08:36","slug":"regles-et-usages","status":"publish","type":"page","link":"https:\/\/lecavo.ch\/soirees\/dates\/regles-et-usages\/","title":{"rendered":"Informations"},"content":{"rendered":"<div id=\"pl-42\"  class=\"panel-layout\" ><div id=\"pg-42-0\"  class=\"panel-grid panel-no-style\" ><div id=\"pgc-42-0-0\"  class=\"panel-grid-cell\" ><div id=\"panel-42-0-0-0\" class=\"so-panel widget widget_sow-editor panel-first-child panel-last-child\" data-index=\"0\" ><div\n\t\t\t\n\t\t\tclass=\"so-widget-sow-editor so-widget-sow-editor-base\"\n\t\t\t\n\t\t>\n<div class=\"siteorigin-widget-tinymce textwidget\">\n\t<h3><div class=\"ap_tagline_box clearfix ap-left-border-box\">Pr\u00e9ambule :<\/div><\/h3>\n<p style=\"text-align: justify;\">Depuis 2005, dans la r\u00e9gion de Lausanne, le Cav\u2019O organise des soir\u00e9es et \u00e9v\u00e8nements priv\u00e9s \u00e0 th\u00e8me BDSM qui n\u2019ont plus \u00e0 d\u00e9montrer leur popularit\u00e9. Les personnes en recherche d\u2019intimit\u00e9, de tranquillit\u00e9 et de convivialit\u00e9 se plaisent \u00e0 nous rendre visite. Nous promouvons un BDSM respectueux et tol\u00e9rant enrichi par la diversit\u00e9 de ce que chacun et chacune viennent y apporter. Ce sont quelques-unes des raisons pour lesquelles les femmes seules ainsi que les personnes d\u00e9butantes nous y rejoignent en toute confiance.<\/p>\n<p>Le Cav\u2019O est un espace de libert\u00e9 pour les amateurs de jeux \u00e9rotiques, f\u00e9tish et de BDSM.<\/p>\n<p>Ce n\u2019est en aucun cas une agence de rencontres ni un lieu de spectacle.<\/p>\n<p>Toutes les formes de sexualit\u00e9 peuvent s\u2019y exprimer dans les limites du respect de chacun.<\/p>\n<p style=\"text-align: justify;\">Afin de vous garantir de passer un moment inoubliable sans incompr\u00e9hension ni d\u00e9sagr\u00e9ment, nous vous proposons d\u2019observer quelques conventions et usages lors de nos rendez-vous. Les conseils qui suivent vous assureront de repartir avec un excellent souvenir de l\u2019instant pass\u00e9 dans notre donjon :<\/p>\n<h3 style=\"text-align: justify;\"><div class=\"ap_tagline_box clearfix ap-left-border-box\">Votre arriv\u00e9e au Cav'O :<\/div><\/h3>\n<p style=\"text-align: justify;\">Le Cav\u2019O ne peut exister que gr\u00e2ce \u00e0 la tol\u00e9rance de son voisinage. Pour cette raison, il sera appr\u00e9ci\u00e9 la plus grande discr\u00e9tion dans votre comportement, votre langage, ainsi que par votre style vestimentaire \u00e0 l\u2019ext\u00e9rieur du Cav\u2019O.<\/p>\n<p style=\"text-align: justify;\">Nous vous demandons de venir et de repartir en tenue de ville. Un espace est \u00e0 votre disposition pour vous changer sur place. Tout manquement \u00e0 cette r\u00e8gle vous fermera d\u00e9finitivement les portes de notre donjon.<\/p>\n<p style=\"text-align: justify;\">Les horaires d\u2019arriv\u00e9e sont indiqu\u00e9s dans les invitations et annonces des soir\u00e9es. En r\u00e8gle g\u00e9n\u00e9rale, nous vous proposerons d\u2019arriver de 21\u00a0heures jusqu\u2019\u00e0 22\u00a0h\u00a030. Pass\u00e9 cette heure, la porte se cl\u00f4t sur l\u2019intimit\u00e9 des participants.<\/p>\n<h3 style=\"text-align: justify;\">\u00a0<div class=\"ap_tagline_box clearfix ap-left-border-box\">Locaux et Pratiques :<\/div><\/h3>\n<p>Les locaux et notre mat\u00e9riel sont \u00e0 votre disposition. Nous vous demandons d\u2019en prendre soin comme si vous \u00e9tiez chez vous.<\/p>\n<p>Si vous avez des doutes sur l\u2019utilisation de certains \u00e9quipements, nous nous ferons un plaisir de vous en expliquer le fonctionnement.<\/p>\n<p>Vous pouvez pratiquer toutes techniques librement consenties au Cav\u2019O. Vous serez peut-\u00eatre t\u00e9moin de situations ou pratiques que vous ne saisissez pas ou qui peuvent vous choquer\u2009: pensez que ceux qui les vivent en retirent du plaisir. Vous aurez certainement l\u2019occasion d\u2019en discuter avec eux par la suite.<\/p>\n<h3 style=\"text-align: justify;\"><div class=\"ap_tagline_box clearfix ap-left-border-box\">Dress Code :<\/div><\/h3>\n<p style=\"text-align: justify;\">Le Cav\u2019O est un espace BDSM et f\u00e9tichiste. Une tenue BDSM, f\u00e9tichiste ou sexy est hautement recommand\u00e9e. Il peut s\u2019agir de tenues cuir, latex, vinyle, d\u2019uniformes ou de travestissement. Vous pouvez rev\u00eatir les tenues les plus extravagantes si vous le souhaitez.<\/p>\n<p style=\"text-align: justify;\">Toutefois si vous ne poss\u00e9dez pas de tels habits, une simple tenue noire est tol\u00e9r\u00e9e.<\/p>\n<p style=\"text-align: justify;\">Les invit\u00e9s ne se conformant pas \u00e0 cette r\u00e8gle ne seront pas accept\u00e9s dans la soir\u00e9e.<\/p>\n<p style=\"text-align: justify;\">Un espace est \u00e0 votre disposition pour vous changer \u00e0 votre arriv\u00e9e.<\/p>\n<h3 style=\"text-align: justify;\"><div class=\"ap_tagline_box clearfix ap-left-border-box\">Discr\u00e9tion :<\/div><\/h3>\n<p style=\"text-align: justify;\">Nous prenons soin de nous assurer de respecter l\u2019anonymat de nos invit\u00e9s. Vous pouvez communiquer un pr\u00e9nom m\u00eame fictif ou un pseudo pour votre inscription. Aucune de vos coordonn\u00e9es (e-mail, t\u00e9l\u00e9phone) ne sera transmise \u00e0 de tierces personnes sans votre consentement explicite et pr\u00e9alable.<\/p>\n<p style=\"text-align: justify;\">Il va sans dire que tout ce que vous aurez vu, v\u00e9cu ou entendu au Cav\u2019O restera strictement confidentiel.<\/p>\n<p style=\"text-align: justify;\">Les appareils photo, cam\u00e9ras et autres sont interdits dans le donjon. Nous pouvons r\u00e9aliser vos photos \u00ab\u2009sur demande\u2009\u00bb o\u00f9 nous nous assurerons qu\u2019aucun autre participant n\u2019apparait sur celles-ci.<\/p>\n<p style=\"text-align: justify;\">Le respect de la tranquillit\u00e9 des invit\u00e9s au cours de la soir\u00e9e est important\u2009: \u00e9vitez les \u00e9clats de voix, comportez-vous avec discr\u00e9tion et basculez votre t\u00e9l\u00e9phone portable sur une sonnerie discr\u00e8te si vous devez le garder allum\u00e9.<\/p>\n<p style=\"text-align: justify;\">Lorsque des participants \u00ab\u2009officient\u2009\u00bb, ne les d\u00e9rangez pas en tentant de vous ins\u00e9rer dans leur \u00ab\u2009jeu\u2009\u00bb par des actes ou m\u00eame des paroles. Si le\/la Dom(me) souhaite vous int\u00e9grer dans son \u00ab\u2009jeu\u2009\u00bb, Il\/Elle saura vous en faire part.<\/p>\n<h3 style=\"text-align: justify;\"><div class=\"ap_tagline_box clearfix ap-left-border-box\">S\u00e9curit\u00e9 :<\/div><\/h3>\n<p style=\"text-align: justify;\">Ne pratiquez que des techniques que vous ma\u00eetrisez parfaitement. La s\u00e9curit\u00e9 de votre partenaire est primordiale, particuli\u00e8rement si c\u2019est la premi\u00e8re fois que vous pratiquez ensemble. Vous n\u2019avez rien \u00e0 d\u00e9montrer ni \u00e0 vous sentir \u00ab\u2009jug\u00e9\u2009\u00bb par les autres invit\u00e9s, mais sachez que vous pratiquez en pleine responsabilit\u00e9 de vos actes.<\/p>\n<p style=\"text-align: justify;\">Si vous rencontrez un\/une nouveau\/nouvelle partenaire, enqu\u00e9rez-vous des ses tabous et limites et assurez-vous de d\u00e9finir un signe et mot de s\u00e9curit\u00e9 vous permettant de mettre fin \u00e0 la s\u00e9ance si n\u00e9cessaire.<\/p>\n<h3 style=\"text-align: justify;\"><div class=\"ap_tagline_box clearfix ap-left-border-box\">Hygi\u00e8ne :<\/div><\/h3>\n<p style=\"text-align: justify;\">Pour votre hygi\u00e8ne, nous attachons une grande importance \u00e0 la propret\u00e9 des \u00e9quipements. Le mat\u00e9riel est enti\u00e8rement nettoy\u00e9 et d\u00e9sinfect\u00e9 avant chaque soir\u00e9e. Vous avez \u00e0 votre disposition du mat\u00e9riel de nettoyage et des produits antiseptiques pour nettoyer les installations apr\u00e8s leur utilisation.<\/p>\n<p style=\"text-align: justify;\">Pensez \u00e0 pr\u00e9voir les protections n\u00e9cessaires (serviette de toilette ou autre) si vous envisagez de pratiquer des jeux incluant de la cire ou des liquides sur les installations.<\/p>\n<h3 style=\"text-align: justify;\"><div class=\"ap_tagline_box clearfix ap-left-border-box\">soumis et soumises :<\/div><\/h3>\n<p style=\"text-align: justify;\">Bien que ce ne soit en rien une obligation, il est g\u00e9n\u00e9ralement appr\u00e9ci\u00e9 que les soumis\/es s\u2019installent \u00e0 m\u00eame le sol, des coussins sont \u00e0 disposition pour cet usage.<\/p>\n<h3 style=\"text-align: justify;\"><div class=\"ap_tagline_box clearfix ap-left-border-box\">Hors-limites :<\/div><\/h3>\n<p style=\"text-align: justify;\"><strong><ul class=\"ap-list ap-list1\"><li>Ne pas engager une activit\u00e9 sans consentement pr\u00e9alable et explicite des participants concern\u00e9s.<\/li>\n<li>Toutes formes de prostitutions sont formellement interdites !<\/li>\n<li>L\u2019usage de stup\u00e9fiants ou autres substances illicites est formellement interdit !<\/li>\n<li>Les boissons alcoolis\u00e9es offertes pendant les soir\u00e9es sont \u00e0 consommer avec grande mod\u00e9ration, nous nous r\u00e9servons le droit d\u2019interdire l\u2019acc\u00e8s aux installations ou de nous s\u00e9parer des personnes en ayant abus\u00e9.<\/li>\n<li>Les mineurs sont formellement interdits dans nos soir\u00e9es.<\/li><\/ul><\/strong><\/p>\n<h3 style=\"text-align: justify;\"><div class=\"ap_tagline_box clearfix ap-left-border-box\">Participation :<\/div><\/h3>\n<p style=\"text-align: justify;\">Le Cav\u2019O est un lieu sans buts lucratifs, cependant afin de couvrir les frais de fonctionnement, l\u2019achat des boissons et l\u2019entretien du mat\u00e9riel, il est demand\u00e9 une participation financi\u00e8re.<\/p>\n<p style=\"text-align: justify;\">Les frais de participations sont indiqu\u00e9s dans la page \u00ab\u2009<a href=\"https:\/\/lecavo.ch\/soirees\/questions-reponses\/\" target=\"_self\" rel=\"noopener noreferrer\">Questions-R\u00e9ponses<\/a>\u2009\u00bb et lors de votre r\u00e9servation sur notre site.<\/p>\n<p style=\"text-align: justify;\">Nous vous remercions de r\u00e9gler les frais de participation lors de votre arriv\u00e9e.<\/p>\n<\/div>\n<\/div><\/div><\/div><\/div><\/div>","protected":false},"excerpt":{"rendered":"<p>Depuis 2005, dans la r\u00e9gion de Lausanne, le Cav\u2019O organise des soir\u00e9es et \u00e9v\u00e8nements priv\u00e9s \u00e0 th\u00e8me BDSM qui n\u2019ont plus \u00e0 d\u00e9montrer leur popularit\u00e9. Les personnes en recherche d\u2019intimit\u00e9, de tranquillit\u00e9 et de convivialit\u00e9 se plaisent \u00e0 nous rendre visite. Nous promouvons un BDSM respectueux et tol\u00e9rant enrichi par la diversit\u00e9 de ce que&#8230;<\/p>\n","protected":false},"author":1,"featured_media":0,"parent":7,"menu_order":10,"comment_status":"closed","ping_status":"closed","template":"","meta":{"footnotes":""},"class_list":["post-42","page","type-page","status-publish","hentry"],"yoast_head":"<!-- This site is optimized with the Yoast SEO plugin v27.1.1 - https:\/\/yoast.com\/product\/yoast-seo-wordpress\/ -->\n<title>Informations - Le CavO - En savoir plus sur nos rencontres BDSM -<\/title>\n<meta name=\"description\" content=\"Voici quelques informations utiles pour que vous reveniez de nos rencontres et soir\u00e9es BDSM au Cav&#039;O avec un excellent souvenir.\" \/>\n<meta name=\"robots\" content=\"index, follow, max-snippet:-1, max-image-preview:large, max-video-preview:-1\" \/>\n<link rel=\"canonical\" href=\"https:\/\/lecavo.ch\/soirees\/dates\/regles-et-usages\/\" \/>\n<meta property=\"og:locale\" content=\"fr_FR\" \/>\n<meta property=\"og:type\" content=\"article\" \/>\n<meta property=\"og:title\" content=\"Informations - Le CavO - En savoir plus sur nos rencontres BDSM -\" \/>\n<meta property=\"og:description\" content=\"Voici quelques informations utiles pour que vous reveniez de nos rencontres et soir\u00e9es BDSM au Cav&#039;O avec un excellent souvenir.\" \/>\n<meta property=\"og:url\" content=\"https:\/\/lecavo.ch\/soirees\/dates\/regles-et-usages\/\" \/>\n<meta property=\"og:site_name\" content=\"Le CavO\" \/>\n<meta property=\"article:modified_time\" content=\"2021-08-31T09:08:36+00:00\" \/>\n<meta name=\"twitter:card\" content=\"summary_large_image\" \/>\n<meta name=\"twitter:site\" content=\"@Le_CavO\" \/>\n<meta name=\"twitter:label1\" content=\"Dur\u00e9e de lecture estim\u00e9e\" \/>\n\t<meta name=\"twitter:data1\" content=\"5 minutes\" \/>\n<script type=\"application\/ld+json\" class=\"yoast-schema-graph\">{\"@context\":\"https:\/\/schema.org\",\"@graph\":[{\"@type\":\"WebPage\",\"@id\":\"https:\/\/lecavo.ch\/soirees\/dates\/regles-et-usages\/\",\"url\":\"https:\/\/lecavo.ch\/soirees\/dates\/regles-et-usages\/\",\"name\":\"Informations - Le CavO - En savoir plus sur nos rencontres BDSM -\",\"isPartOf\":{\"@id\":\"https:\/\/lecavo.ch\/soirees\/#website\"},\"datePublished\":\"2010-02-12T08:04:25+00:00\",\"dateModified\":\"2021-08-31T09:08:36+00:00\",\"description\":\"Voici quelques informations utiles pour que vous reveniez de nos rencontres et soir\u00e9es BDSM au Cav'O avec un excellent souvenir.\",\"breadcrumb\":{\"@id\":\"https:\/\/lecavo.ch\/soirees\/dates\/regles-et-usages\/#breadcrumb\"},\"inLanguage\":\"fr-FR\",\"potentialAction\":[{\"@type\":\"ReadAction\",\"target\":[\"https:\/\/lecavo.ch\/soirees\/dates\/regles-et-usages\/\"]}]},{\"@type\":\"BreadcrumbList\",\"@id\":\"https:\/\/lecavo.ch\/soirees\/dates\/regles-et-usages\/#breadcrumb\",\"itemListElement\":[{\"@type\":\"ListItem\",\"position\":1,\"name\":\"Accueil\",\"item\":\"https:\/\/lecavo.ch\/soirees\/\"},{\"@type\":\"ListItem\",\"position\":2,\"name\":\"Nos soir\u00e9es\",\"item\":\"https:\/\/lecavo.ch\/soirees\/dates\/\"},{\"@type\":\"ListItem\",\"position\":3,\"name\":\"Informations\"}]},{\"@type\":\"WebSite\",\"@id\":\"https:\/\/lecavo.ch\/soirees\/#website\",\"url\":\"https:\/\/lecavo.ch\/soirees\/\",\"name\":\"Le CavO\",\"description\":\"Ev\u00e8nements et Soir\u00e9es BDSM en Suisse Romande\",\"publisher\":{\"@id\":\"https:\/\/lecavo.ch\/soirees\/#\/schema\/person\/0250be2159f0c169e5a02c51a2133842\"},\"potentialAction\":[{\"@type\":\"SearchAction\",\"target\":{\"@type\":\"EntryPoint\",\"urlTemplate\":\"https:\/\/lecavo.ch\/soirees\/?s={search_term_string}\"},\"query-input\":{\"@type\":\"PropertyValueSpecification\",\"valueRequired\":true,\"valueName\":\"search_term_string\"}}],\"inLanguage\":\"fr-FR\"},{\"@type\":[\"Person\",\"Organization\"],\"@id\":\"https:\/\/lecavo.ch\/soirees\/#\/schema\/person\/0250be2159f0c169e5a02c51a2133842\",\"name\":\"Le CavO\",\"logo\":{\"@id\":\"https:\/\/lecavo.ch\/soirees\/#\/schema\/person\/image\/\"},\"sameAs\":[\"https:\/\/lecavo.ch\"]}]}<\/script>\n<!-- \/ Yoast SEO plugin. -->","yoast_head_json":{"title":"Informations - Le CavO - En savoir plus sur nos rencontres BDSM -","description":"Voici quelques informations utiles pour que vous reveniez de nos rencontres et soir\u00e9es BDSM au Cav'O avec un excellent souvenir.","robots":{"index":"index","follow":"follow","max-snippet":"max-snippet:-1","max-image-preview":"max-image-preview:large","max-video-preview":"max-video-preview:-1"},"canonical":"https:\/\/lecavo.ch\/soirees\/dates\/regles-et-usages\/","og_locale":"fr_FR","og_type":"article","og_title":"Informations - Le CavO - En savoir plus sur nos rencontres BDSM -","og_description":"Voici quelques informations utiles pour que vous reveniez de nos rencontres et soir\u00e9es BDSM au Cav'O avec un excellent souvenir.","og_url":"https:\/\/lecavo.ch\/soirees\/dates\/regles-et-usages\/","og_site_name":"Le CavO","article_modified_time":"2021-08-31T09:08:36+00:00","twitter_card":"summary_large_image","twitter_site":"@Le_CavO","twitter_misc":{"Dur\u00e9e de lecture estim\u00e9e":"5 minutes"},"schema":{"@context":"https:\/\/schema.org","@graph":[{"@type":"WebPage","@id":"https:\/\/lecavo.ch\/soirees\/dates\/regles-et-usages\/","url":"https:\/\/lecavo.ch\/soirees\/dates\/regles-et-usages\/","name":"Informations - Le CavO - En savoir plus sur nos rencontres BDSM -","isPartOf":{"@id":"https:\/\/lecavo.ch\/soirees\/#website"},"datePublished":"2010-02-12T08:04:25+00:00","dateModified":"2021-08-31T09:08:36+00:00","description":"Voici quelques informations utiles pour que vous reveniez de nos rencontres et soir\u00e9es BDSM au Cav'O avec un excellent souvenir.","breadcrumb":{"@id":"https:\/\/lecavo.ch\/soirees\/dates\/regles-et-usages\/#breadcrumb"},"inLanguage":"fr-FR","potentialAction":[{"@type":"ReadAction","target":["https:\/\/lecavo.ch\/soirees\/dates\/regles-et-usages\/"]}]},{"@type":"BreadcrumbList","@id":"https:\/\/lecavo.ch\/soirees\/dates\/regles-et-usages\/#breadcrumb","itemListElement":[{"@type":"ListItem","position":1,"name":"Accueil","item":"https:\/\/lecavo.ch\/soirees\/"},{"@type":"ListItem","position":2,"name":"Nos soir\u00e9es","item":"https:\/\/lecavo.ch\/soirees\/dates\/"},{"@type":"ListItem","position":3,"name":"Informations"}]},{"@type":"WebSite","@id":"https:\/\/lecavo.ch\/soirees\/#website","url":"https:\/\/lecavo.ch\/soirees\/","name":"Le CavO","description":"Ev\u00e8nements et Soir\u00e9es BDSM en Suisse Romande","publisher":{"@id":"https:\/\/lecavo.ch\/soirees\/#\/schema\/person\/0250be2159f0c169e5a02c51a2133842"},"potentialAction":[{"@type":"SearchAction","target":{"@type":"EntryPoint","urlTemplate":"https:\/\/lecavo.ch\/soirees\/?s={search_term_string}"},"query-input":{"@type":"PropertyValueSpecification","valueRequired":true,"valueName":"search_term_string"}}],"inLanguage":"fr-FR"},{"@type":["Person","Organization"],"@id":"https:\/\/lecavo.ch\/soirees\/#\/schema\/person\/0250be2159f0c169e5a02c51a2133842","name":"Le CavO","logo":{"@id":"https:\/\/lecavo.ch\/soirees\/#\/schema\/person\/image\/"},"sameAs":["https:\/\/lecavo.ch"]}]}},"_links":{"self":[{"href":"https:\/\/lecavo.ch\/soirees\/wp-json\/wp\/v2\/pages\/42","targetHints":{"allow":["GET"]}}],"collection":[{"href":"https:\/\/lecavo.ch\/soirees\/wp-json\/wp\/v2\/pages"}],"about":[{"href":"https:\/\/lecavo.ch\/soirees\/wp-json\/wp\/v2\/types\/page"}],"author":[{"embeddable":true,"href":"https:\/\/lecavo.ch\/soirees\/wp-json\/wp\/v2\/users\/1"}],"replies":[{"embeddable":true,"href":"https:\/\/lecavo.ch\/soirees\/wp-json\/wp\/v2\/comments?post=42"}],"version-history":[{"count":0,"href":"https:\/\/lecavo.ch\/soirees\/wp-json\/wp\/v2\/pages\/42\/revisions"}],"up":[{"embeddable":true,"href":"https:\/\/lecavo.ch\/soirees\/wp-json\/wp\/v2\/pages\/7"}],"wp:attachment":[{"href":"https:\/\/lecavo.ch\/soirees\/wp-json\/wp\/v2\/media?parent=42"}],"curies":[{"name":"wp","href":"https:\/\/api.w.org\/{rel}","templated":true}]}}