{"id":50,"date":"2010-02-12T09:13:32","date_gmt":"2010-02-12T08:13:32","guid":{"rendered":"http:\/\/lecavo.ch\/soirees\/?page_id=50"},"modified":"2019-05-14T08:56:42","modified_gmt":"2019-05-14T06:56:42","slug":"questions-reponses","status":"publish","type":"page","link":"https:\/\/lecavo.ch\/soirees\/dates\/questions-reponses\/","title":{"rendered":"Questions-R\u00e9ponses"},"content":{"rendered":"<div id=\"pl-50\" class=\"panel-layout\">\n<div id=\"pg-50-0\" class=\"panel-grid panel-no-style\">\n<div id=\"pgc-50-0-0\" class=\"panel-grid-cell\" data-weight=\"1\">\n<div id=\"panel-50-0-0-0\" class=\"so-panel widget widget_sow-editor panel-first-child panel-last-child\" data-index=\"0\" data-style=\"{&quot;background_image_attachment&quot;:false,&quot;background_display&quot;:&quot;tile&quot;}\">\n<div class=\"so-widget-sow-editor so-widget-sow-editor-base\">\n<div class=\"siteorigin-widget-tinymce textwidget\">\n<h3 style=\"text-align: justify;\"><div class=\"ap_tagline_box clearfix ap-left-border-box\">Quelques questions fr\u00e9quemment pos\u00e9es (et leurs r\u00e9ponses)&#8230;<\/div><\/h3>\n<div class=\"ap_toggle close\"><div class=\"ap_toggle_title\">J'aimerais participer \u00e0 l'une de vos soir\u00e9e BDSM, comment faire ?<\/div><div class=\"ap_toggle_content\"><ul>\n<li>Toutes les inscriptions se font directement sur notre site&nbsp;<a title=\"Nos soir\u00e9es\" href=\"https:\/\/lecavo.ch\/soirees\/dates\/\">depuis cette page<\/a>.&nbsp;Nous ne r\u00e9pondons plus aux demandes d&rsquo;inscriptions par e-mail ou depuis le formulaire de contact.<\/li>\n<li>Vous devrez cr\u00e9er un compte utilisateur avant de proc\u00e9der \u00e0 votre inscription. Cet acc\u00e8s vous permettra d&rsquo;assurer le suivi de vos inscriptions. <span style=\"text-decoration: underline;\">ATTENTION :&nbsp;Ce compte ne vous inscrit pas automatiquement \u00e0 notre lettre d&rsquo;information.<\/span><\/li>\n<li>Nous reprendrons contact avec vous rapidement et vous communiquerons un num\u00e9ro de t\u00e9l\u00e9phone pour nous rappeler. Nous demandons ce premier contact t\u00e9l\u00e9phonique pour tous nouveaux participants afin de faire un peu connaissance et pour vous renseigner sur tous les d\u00e9tails que vous aimeriez conna\u00eetre. C&rsquo;est aussi l&rsquo;occasion de nous assurer de votre motivation \u00e0 participer \u00e0 une soir\u00e9e Fetish\/BDSM.<\/li>\n<li>Nous ne validons aucune inscription sans ce premier contact t\u00e9l\u00e9phonique.<\/li>\n<\/ul><\/div><\/div>\n<div class=\"ap_toggle close\"><div class=\"ap_toggle_title\">Combien co\u00fbtent vos soir\u00e9es ?<\/div><div class=\"ap_toggle_content\"><ul>\n<li>Pour nos soir\u00e9es BDSM et soir\u00e9es sp\u00e9ciales, il est demand\u00e9 une participation de CHF 90.\u2013 pour les hommes et travestis, &nbsp;CHF 30.- pour les femmes, et CHF 100.- pour les couples.<\/li>\n<li>Les boissons sont offertes lors de nos rencontres.<\/li>\n<li>Certains \u00e9v\u00e8nements peuvent avoir des frais diff\u00e9rents qui sont annonc\u00e9s dans le formulaire d&rsquo;inscription.<\/li>\n<li>Le r\u00e8glement se fait sur place lors de votre arriv\u00e9e.<\/div><\/div><\/li>\n<\/ul>\n<div class=\"ap_toggle close\"><div class=\"ap_toggle_title\">Comment me renseigner sur les dates de vos soir\u00e9es ?<\/div><div class=\"ap_toggle_content\"><ul>\n<li>Vous trouverez les dates de nos soir\u00e9es&nbsp;<a title=\"Nos soir\u00e9es\" href=\"https:\/\/lecavo.ch\/soirees\/dates\/\">sur cette page<\/a>.<\/li>\n<li>Nous communiquons les dates de nos rencontres dans&nbsp;<a title=\"Newsletter\" href=\"https:\/\/lecavo.ch\/soirees\/newsletter\/\">notre lettre d&rsquo;information<\/a>&nbsp;quelques jours avant les ouvertures des inscriptions sur notre site.<\/li>\n<li>Nos soir\u00e9es \u00e9tant tr\u00e8s demand\u00e9es, nous vous recommandons de vous inscrire rapidement apr\u00e8s la mise en ligne de celles-ci.<\/li>\n<li>Enfin, nous communiquons occasionnellement les disponibilit\u00e9s de derni\u00e8re minute sur <a href=\"https:\/\/twitter.com\/Le_CavO\" target=\"_blank\" rel=\"noopener noreferrer\">Twitter<\/a>. Vous pouvez aussi demander \u00e0 recevoir ces annonces <a href=\"https:\/\/lecavo.ch\/soirees\/newsletter\/\">via notre Newsletter<\/a>.<\/div><\/div><\/li>\n<\/ul>\n<div class=\"ap_toggle close\"><div class=\"ap_toggle_title\">Je n'ai pas d'exp\u00e9rience : J'ai peur d'\u00eatre ridicule !<\/div><div class=\"ap_toggle_content\"><ul>\n<li>Le BDSM est une \u00e9cole de l&rsquo;humilit\u00e9 et les participants dits \u00ab&nbsp;exp\u00e9riment\u00e9s \u00bb se rappelleront vite leurs premiers pas et n&rsquo;h\u00e9siteront pas \u00e0 partager avec vous cette passion commune.<\/li>\n<li>Vous n&rsquo;aurez rien \u00e0 prouver ni \u00e0 d\u00e9montrer en venant au Cav&rsquo;O.<\/li>\n<li>Nous vous donnons juste un conseil : Rejoignez-nous dans la perspective de passer un moment hors du temps o\u00f9 vous donnerez vie \u00e0 vos d\u00e9sirs.<\/div><\/div><\/li>\n<\/ul>\n<div class=\"ap_toggle close\"><div class=\"ap_toggle_title\">Je n'ai pas de mat\u00e9riel : Y en a t-il au Cav'O ?<\/div><div class=\"ap_toggle_content\"><ul>\n<li>Ce n&rsquo;est pas un souci. En plus des installations, nous tenons du petit mat\u00e9riel \u00e0 votre disposition (cravaches, cannes, floggers, menottes, cordes&#8230;).<\/div><\/div><\/li>\n<\/ul>\n<div class=\"ap_toggle close\"><div class=\"ap_toggle_title\">Je suis un homme seul, puis-je participer \u00e0 vos soir\u00e9es ?<\/div><div class=\"ap_toggle_content\"><ul>\n<li>Les hommes seuls sont les bienvenus. Toutefois, afin de garantir une bonne harmonie entre nos invit\u00e9s, nous en limitons strictement le nombre.<\/div><\/div><\/li>\n<\/ul>\n<div class=\"ap_toggle close\"><div class=\"ap_toggle_title\">Je suis une femme seule, y a t-il un risque pour moi ?<\/div><div class=\"ap_toggle_content\"><ul>\n<li>Le bien-\u00eatre de nos invit\u00e9es venant seules nous est primordial. Nous serons attentifs \u00e0 ce que cette soir\u00e9e se passe sans probl\u00e8mes pour vous.<\/div><\/div><\/li>\n<\/ul>\n<div class=\"ap_toggle close\"><div class=\"ap_toggle_title\">Je viens de loin, Puis-je \u00eatre h\u00e9berg\u00e9(e) ?<\/div><div class=\"ap_toggle_content\"><ul>\n<li>Nous vous communiquerons volontiers une liste d&rsquo;h\u00f4tels et restaurants lorsque vous vous inscrirez.<\/div><\/div><\/li>\n<\/ul>\n<div class=\"ap_toggle close\"><div class=\"ap_toggle_title\">Je n'ai pas de voiture, est-ce un probl\u00e8me ?<\/div><div class=\"ap_toggle_content\"><ul>\n<li>Le Cav&rsquo;O est situ\u00e9 en campagne o\u00f9 les transports publics ne se sont pas encore accord\u00e9s sur nos horaires&#8230;<\/div><\/div><\/li>\n<\/ul>\n<div class=\"ap_toggle close\"><div class=\"ap_toggle_title\">I don't speak french, May I join your parties ?<\/div><div class=\"ap_toggle_content\"><ul>\n<li>Sure! We are often visited by english-speaking guests and we can welcome you in english.<\/div><\/div><\/li>\n<\/ul>\n<div class=\"ap_toggle close\"><div class=\"ap_toggle_title\">Je me suis inscrit, mais je ne re\u00e7ois pas vos e-mails. Au Secours !<\/div><div class=\"ap_toggle_content\"><ul>\n<li>Avez-vous jet\u00e9 un \u0153il dans votre r\u00e9pertoire de courriers Ind\u00e9sirables (Spam) ?<\/li>\n<li>Pour \u00eatre tranquille mettez le domaine \u00ab\u00a0lecavo.ch\u00a0\u00bb dans la liste blanche (sites de confiance) de votre courrier \u00e9lectronique.<\/li>\n<li>Nous ne vous enverrons jamais de Spam et garderons vos informations confidentielles<\/div><\/div><\/li>\n<\/ul>\n<\/div>\n<div class=\"ap_toggle close\"><div class=\"ap_toggle_title\">J'ai plein d'autres questions !<\/div><div class=\"ap_toggle_content\"><ul>\n<li>Nous vous proposons simplement de <a href=\"https:\/\/lecavo.ch\/soirees\/nous-contacter\/\" target=\"_self\" rel=\"noopener noreferrer\">prendre contact<\/a> avec nous. Nous nous ferons un plaisir de vous r\u00e9pondre par courrier \u00e9lectronique ou par t\u00e9l\u00e9phone.<\/div><\/div><\/li>\n<\/ul>\n<p style=\"text-align: center;\"><a href=\"https:\/\/lecavo.ch\/soirees\/dates\/\" class=\"bttn ap-outline-bttn ap-small-bttn ap-default-bttn ap-align-none\">Voir nos prochaines soir\u00e9es<\/a><\/p>\n<\/div>\n<\/div>\n<\/div>\n<\/div>\n<\/div>\n","protected":false},"excerpt":{"rendered":"","protected":false},"author":1,"featured_media":0,"parent":7,"menu_order":20,"comment_status":"closed","ping_status":"closed","template":"","meta":{"footnotes":""},"class_list":["post-50","page","type-page","status-publish","hentry"],"yoast_head":"<!-- This site is optimized with the Yoast SEO plugin v27.1.1 - https:\/\/yoast.com\/product\/yoast-seo-wordpress\/ -->\n<title>Questions-R\u00e9ponses - Le CavO - Bien conna\u00eetre nos soir\u00e9es BDSM -<\/title>\n<meta name=\"description\" content=\"Participer \u00e0 nos soir\u00e9es BDSM am\u00e8ne souvent beaucoup de questions et d&#039;inqui\u00e9tude. Voici les r\u00e9ponses \u00e0 quelques-unes d&#039;entre-elles.\" \/>\n<meta name=\"robots\" content=\"index, follow, max-snippet:-1, max-image-preview:large, max-video-preview:-1\" \/>\n<link rel=\"canonical\" href=\"https:\/\/lecavo.ch\/soirees\/dates\/questions-reponses\/\" \/>\n<meta property=\"og:locale\" content=\"fr_FR\" \/>\n<meta property=\"og:type\" content=\"article\" \/>\n<meta property=\"og:title\" content=\"Questions-R\u00e9ponses - Le CavO - Bien conna\u00eetre nos soir\u00e9es BDSM -\" \/>\n<meta property=\"og:description\" content=\"Participer \u00e0 nos soir\u00e9es BDSM am\u00e8ne souvent beaucoup de questions et d&#039;inqui\u00e9tude. Voici les r\u00e9ponses \u00e0 quelques-unes d&#039;entre-elles.\" \/>\n<meta property=\"og:url\" content=\"https:\/\/lecavo.ch\/soirees\/dates\/questions-reponses\/\" \/>\n<meta property=\"og:site_name\" content=\"Le CavO\" \/>\n<meta property=\"article:modified_time\" content=\"2019-05-14T06:56:42+00:00\" \/>\n<meta name=\"twitter:card\" content=\"summary_large_image\" \/>\n<meta name=\"twitter:site\" content=\"@Le_CavO\" \/>\n<meta name=\"twitter:label1\" content=\"Dur\u00e9e de lecture estim\u00e9e\" \/>\n\t<meta name=\"twitter:data1\" content=\"4 minutes\" \/>\n<script type=\"application\/ld+json\" class=\"yoast-schema-graph\">{\"@context\":\"https:\/\/schema.org\",\"@graph\":[{\"@type\":\"WebPage\",\"@id\":\"https:\/\/lecavo.ch\/soirees\/dates\/questions-reponses\/\",\"url\":\"https:\/\/lecavo.ch\/soirees\/dates\/questions-reponses\/\",\"name\":\"Questions-R\u00e9ponses - Le CavO - Bien conna\u00eetre nos soir\u00e9es BDSM -\",\"isPartOf\":{\"@id\":\"https:\/\/lecavo.ch\/soirees\/#website\"},\"datePublished\":\"2010-02-12T08:13:32+00:00\",\"dateModified\":\"2019-05-14T06:56:42+00:00\",\"description\":\"Participer \u00e0 nos soir\u00e9es BDSM am\u00e8ne souvent beaucoup de questions et d'inqui\u00e9tude. Voici les r\u00e9ponses \u00e0 quelques-unes d'entre-elles.\",\"breadcrumb\":{\"@id\":\"https:\/\/lecavo.ch\/soirees\/dates\/questions-reponses\/#breadcrumb\"},\"inLanguage\":\"fr-FR\",\"potentialAction\":[{\"@type\":\"ReadAction\",\"target\":[\"https:\/\/lecavo.ch\/soirees\/dates\/questions-reponses\/\"]}]},{\"@type\":\"BreadcrumbList\",\"@id\":\"https:\/\/lecavo.ch\/soirees\/dates\/questions-reponses\/#breadcrumb\",\"itemListElement\":[{\"@type\":\"ListItem\",\"position\":1,\"name\":\"Accueil\",\"item\":\"https:\/\/lecavo.ch\/soirees\/\"},{\"@type\":\"ListItem\",\"position\":2,\"name\":\"Nos soir\u00e9es\",\"item\":\"https:\/\/lecavo.ch\/soirees\/dates\/\"},{\"@type\":\"ListItem\",\"position\":3,\"name\":\"Questions-R\u00e9ponses\"}]},{\"@type\":\"WebSite\",\"@id\":\"https:\/\/lecavo.ch\/soirees\/#website\",\"url\":\"https:\/\/lecavo.ch\/soirees\/\",\"name\":\"Le CavO\",\"description\":\"Ev\u00e8nements et Soir\u00e9es BDSM en Suisse Romande\",\"publisher\":{\"@id\":\"https:\/\/lecavo.ch\/soirees\/#\/schema\/person\/0250be2159f0c169e5a02c51a2133842\"},\"potentialAction\":[{\"@type\":\"SearchAction\",\"target\":{\"@type\":\"EntryPoint\",\"urlTemplate\":\"https:\/\/lecavo.ch\/soirees\/?s={search_term_string}\"},\"query-input\":{\"@type\":\"PropertyValueSpecification\",\"valueRequired\":true,\"valueName\":\"search_term_string\"}}],\"inLanguage\":\"fr-FR\"},{\"@type\":[\"Person\",\"Organization\"],\"@id\":\"https:\/\/lecavo.ch\/soirees\/#\/schema\/person\/0250be2159f0c169e5a02c51a2133842\",\"name\":\"Le CavO\",\"logo\":{\"@id\":\"https:\/\/lecavo.ch\/soirees\/#\/schema\/person\/image\/\"},\"sameAs\":[\"https:\/\/lecavo.ch\"]}]}<\/script>\n<!-- \/ Yoast SEO plugin. -->","yoast_head_json":{"title":"Questions-R\u00e9ponses - Le CavO - Bien conna\u00eetre nos soir\u00e9es BDSM -","description":"Participer \u00e0 nos soir\u00e9es BDSM am\u00e8ne souvent beaucoup de questions et d'inqui\u00e9tude. Voici les r\u00e9ponses \u00e0 quelques-unes d'entre-elles.","robots":{"index":"index","follow":"follow","max-snippet":"max-snippet:-1","max-image-preview":"max-image-preview:large","max-video-preview":"max-video-preview:-1"},"canonical":"https:\/\/lecavo.ch\/soirees\/dates\/questions-reponses\/","og_locale":"fr_FR","og_type":"article","og_title":"Questions-R\u00e9ponses - Le CavO - Bien conna\u00eetre nos soir\u00e9es BDSM -","og_description":"Participer \u00e0 nos soir\u00e9es BDSM am\u00e8ne souvent beaucoup de questions et d'inqui\u00e9tude. Voici les r\u00e9ponses \u00e0 quelques-unes d'entre-elles.","og_url":"https:\/\/lecavo.ch\/soirees\/dates\/questions-reponses\/","og_site_name":"Le CavO","article_modified_time":"2019-05-14T06:56:42+00:00","twitter_card":"summary_large_image","twitter_site":"@Le_CavO","twitter_misc":{"Dur\u00e9e de lecture estim\u00e9e":"4 minutes"},"schema":{"@context":"https:\/\/schema.org","@graph":[{"@type":"WebPage","@id":"https:\/\/lecavo.ch\/soirees\/dates\/questions-reponses\/","url":"https:\/\/lecavo.ch\/soirees\/dates\/questions-reponses\/","name":"Questions-R\u00e9ponses - Le CavO - Bien conna\u00eetre nos soir\u00e9es BDSM -","isPartOf":{"@id":"https:\/\/lecavo.ch\/soirees\/#website"},"datePublished":"2010-02-12T08:13:32+00:00","dateModified":"2019-05-14T06:56:42+00:00","description":"Participer \u00e0 nos soir\u00e9es BDSM am\u00e8ne souvent beaucoup de questions et d'inqui\u00e9tude. Voici les r\u00e9ponses \u00e0 quelques-unes d'entre-elles.","breadcrumb":{"@id":"https:\/\/lecavo.ch\/soirees\/dates\/questions-reponses\/#breadcrumb"},"inLanguage":"fr-FR","potentialAction":[{"@type":"ReadAction","target":["https:\/\/lecavo.ch\/soirees\/dates\/questions-reponses\/"]}]},{"@type":"BreadcrumbList","@id":"https:\/\/lecavo.ch\/soirees\/dates\/questions-reponses\/#breadcrumb","itemListElement":[{"@type":"ListItem","position":1,"name":"Accueil","item":"https:\/\/lecavo.ch\/soirees\/"},{"@type":"ListItem","position":2,"name":"Nos soir\u00e9es","item":"https:\/\/lecavo.ch\/soirees\/dates\/"},{"@type":"ListItem","position":3,"name":"Questions-R\u00e9ponses"}]},{"@type":"WebSite","@id":"https:\/\/lecavo.ch\/soirees\/#website","url":"https:\/\/lecavo.ch\/soirees\/","name":"Le CavO","description":"Ev\u00e8nements et Soir\u00e9es BDSM en Suisse Romande","publisher":{"@id":"https:\/\/lecavo.ch\/soirees\/#\/schema\/person\/0250be2159f0c169e5a02c51a2133842"},"potentialAction":[{"@type":"SearchAction","target":{"@type":"EntryPoint","urlTemplate":"https:\/\/lecavo.ch\/soirees\/?s={search_term_string}"},"query-input":{"@type":"PropertyValueSpecification","valueRequired":true,"valueName":"search_term_string"}}],"inLanguage":"fr-FR"},{"@type":["Person","Organization"],"@id":"https:\/\/lecavo.ch\/soirees\/#\/schema\/person\/0250be2159f0c169e5a02c51a2133842","name":"Le CavO","logo":{"@id":"https:\/\/lecavo.ch\/soirees\/#\/schema\/person\/image\/"},"sameAs":["https:\/\/lecavo.ch"]}]}},"_links":{"self":[{"href":"https:\/\/lecavo.ch\/soirees\/wp-json\/wp\/v2\/pages\/50","targetHints":{"allow":["GET"]}}],"collection":[{"href":"https:\/\/lecavo.ch\/soirees\/wp-json\/wp\/v2\/pages"}],"about":[{"href":"https:\/\/lecavo.ch\/soirees\/wp-json\/wp\/v2\/types\/page"}],"author":[{"embeddable":true,"href":"https:\/\/lecavo.ch\/soirees\/wp-json\/wp\/v2\/users\/1"}],"replies":[{"embeddable":true,"href":"https:\/\/lecavo.ch\/soirees\/wp-json\/wp\/v2\/comments?post=50"}],"version-history":[{"count":0,"href":"https:\/\/lecavo.ch\/soirees\/wp-json\/wp\/v2\/pages\/50\/revisions"}],"up":[{"embeddable":true,"href":"https:\/\/lecavo.ch\/soirees\/wp-json\/wp\/v2\/pages\/7"}],"wp:attachment":[{"href":"https:\/\/lecavo.ch\/soirees\/wp-json\/wp\/v2\/media?parent=50"}],"curies":[{"name":"wp","href":"https:\/\/api.w.org\/{rel}","templated":true}]}}