{"id":5136,"date":"2018-03-04T01:53:34","date_gmt":"2018-03-04T00:53:34","guid":{"rendered":"https:\/\/lecavo.ch\/soirees\/?page_id=5136"},"modified":"2020-10-08T09:06:34","modified_gmt":"2020-10-08T07:06:34","slug":"nos-activites","status":"publish","type":"page","link":"https:\/\/lecavo.ch\/soirees\/nos-activites\/","title":{"rendered":"Nos Activit\u00e9s"},"content":{"rendered":"<h1 style=\"text-align: justify;\"><div class=\"ap_tagline_box clearfix ap-left-border-box\">Tour d&rsquo;horizon sur nos activit\u00e9s<\/div><\/h1>\n<p style=\"text-align: justify;\">Depuis la cr\u00e9ation des soir\u00e9es BDSM du Cav&rsquo;O en 2005, nous avons d\u00e9velopp\u00e9 diff\u00e9rentes th\u00e9matiques de rencontres pour r\u00e9pondre aux attentes de chacune et chacun d&rsquo;entre-vous.<\/p>\n<p style=\"text-align: justify;\">Voici un court r\u00e9sum\u00e9 des \u00e9v\u00e8nements que nous proposons :<\/p>\n<h2 style=\"text-align: justify;\"><div class=\"ap_tagline_box clearfix ap-left-border-box\">Soir\u00e9e BDSM<\/div><\/h2>\n<p style=\"text-align: justify;\">Nos classiques soir\u00e9es BDSM qui ont fait la r\u00e9putation de Cav&rsquo;O.<\/p>\n<p style=\"text-align: justify;\"><ul class=\"ap-list ap-list3\"><li>12 personnes maximum<\/li>\n<li>4 Couples, 2 femmes seules, 2 hommes seuls<\/li>\n<li>Toutes orientations BDSM<\/li>\n<li>Toutes exp\u00e9riences BDSM<\/li>\n<li>Organis\u00e9e tous les mois environ<\/li><\/ul><\/p>\n<h2 style=\"text-align: justify;\"><div class=\"ap_tagline_box clearfix ap-left-border-box\">Soir\u00e9e BDSM Sp\u00e9ciale Couples<\/div><\/h2>\n<p style=\"text-align: justify;\">Nos soir\u00e9es BDSM r\u00e9serv\u00e9es aux couples.<\/p>\n<p style=\"text-align: justify;\"><ul class=\"ap-list ap-list3\"><li>12 personnes maximum<\/li>\n<li>6 Couples<\/li>\n<li>Toutes orientations BDSM<\/li>\n<li>Toutes exp\u00e9riences BDSM<\/li>\n<li>Organis\u00e9e tous les deux mois environ<\/li><\/ul><\/p>\n<h2 style=\"text-align: justify;\"><div class=\"ap_tagline_box clearfix ap-left-border-box\">La Nuit des Amazones<\/div><\/h2>\n<p style=\"text-align: justify;\">Nos soir\u00e9es BDSM sur le th\u00e8me de la Domination F\u00e9minine.<\/p>\n<p style=\"text-align: justify;\"><ul class=\"ap-list ap-list3\"><li>12 personnes maximum<\/li>\n<li>4 Couples, 2 femmes seules, 2 hommes seuls<\/li>\n<li>Orientations BDSM : Femmes Dominas &#8211; Hommes soumis &#8211; Couples Dominas\/soumis &#8211; Couples Dominas\/soumises<\/li>\n<li>Toutes exp\u00e9riences BDSM<\/li>\n<li>Organis\u00e9e tous les deux mois environ<\/li><\/ul><\/p>\n<h2 style=\"text-align: justify;\"><div class=\"ap_tagline_box clearfix ap-left-border-box\">La Nuit des Kajirae<\/div><\/h2>\n<p style=\"text-align: justify;\">Nos soir\u00e9es BDSM sur le th\u00e8me de la soumission f\u00e9minine.<\/p>\n<p style=\"text-align: justify;\"><ul class=\"ap-list ap-list3\"><li>12 personnes maximum<\/li>\n<li>4 Couples, 2 femmes seules, 2 hommes seuls<\/li>\n<li>Orientations BDSM : Femmes soumises &#8211; Hommes Dominants &#8211; Couples Dominants\/soumises &#8211; Couples Dominas\/soumises<\/li>\n<li>Toutes exp\u00e9riences BDSM<\/li>\n<li>Organis\u00e9e tous les deux mois environ<\/li><\/ul><\/p>\n<h2 style=\"text-align: justify;\"><div class=\"ap_tagline_box clearfix ap-left-border-box\">Soir\u00e9e BDSM \u00ab\u00a0D\u00e9couverte\u00a0\u00bb<\/div><\/h2>\n<p style=\"text-align: justify;\">Cette soir\u00e9e est r\u00e9serv\u00e9e aux personnes d\u00e9butantes.<\/p>\n<p style=\"text-align: justify;\"><ul class=\"ap-list ap-list3\"><li>12 personnes maximum<\/li>\n<li>4 Couples, 2 femmes seules, 2 hommes seuls<\/li>\n<li>Soir\u00e9e destin\u00e9e aux personnes d\u00e9butant le BDSM<\/li>\n<li>Toutes orientations BDSM<\/li>\n<li>Soir\u00e9e anim\u00e9e par Jeff &amp; Nicky<\/li>\n<li>Organis\u00e9e tous les trois mois environ<\/li><\/ul><\/p>\n<p style=\"text-align: justify;\">Plus d&rsquo;informations sur les soir\u00e9es BDSM d\u00e9couverte <a href=\"https:\/\/lecavo.ch\/soirees\/soirees-bdsm-decouverte\/\">ici<\/a>.<\/p>\n<h2 style=\"text-align: justify;\"><div class=\"ap_tagline_box clearfix ap-left-border-box\">Munch BDSM \u00ab\u00a0D\u00e9couverte\u00a0\u00bb<\/div><\/h2>\n<p style=\"text-align: justify;\">Une rencontre informelle sp\u00e9cialement destin\u00e9e aux personnes d\u00e9butantes pour parler de votre BDSM et vous permettre de d\u00e9couvrir notre donjon.<\/p>\n<p style=\"text-align: justify;\"><ul class=\"ap-list ap-list3\"><li>10 personnes maximum<\/li>\n<li>Rencontre informelle destin\u00e9e aux personnes d\u00e9butantes<\/li>\n<li>Toutes orientations<\/li>\n<li>Organis\u00e9e tous les trois mois environ les samedis apr\u00e8s-midi<\/li><\/ul><\/p>\n<p style=\"text-align: justify;\">Plus d&rsquo;informations sur nos Munchs d\u00e9couvertes\u00a0<a href=\"https:\/\/lecavo.ch\/soirees\/rencontre-munch-decouverte\/\">ici<\/a>.<\/p>\n<h2 style=\"text-align: justify;\"><div class=\"ap_tagline_box clearfix ap-left-border-box\">Les Soir\u00e9es de Lady Nicky<\/div><\/h2>\n<p style=\"text-align: justify;\">Une soir\u00e9e BDSM pendant laquelle, au travers de diff\u00e9rentes th\u00e9matiques, le mot d\u2019ordre est le strict respect des codes et r\u00e8gles de Domination\/soumission.<\/p>\n<p style=\"text-align: justify;\"><ul class=\"ap-list ap-list3\"><li>Rencontre destin\u00e9e aux personnes motiv\u00e9es \u00e0 respecter des r\u00e8gles strictes<\/li>\n<li>Orientations BDSM selon le th\u00e8me de la soir\u00e9e<\/li>\n<li>Soir\u00e9e anim\u00e9e par Lady Nicky.<\/li>\n<li>Organis\u00e9e plusieurs fois par an.<\/li><\/ul><\/p>\n<h2 style=\"text-align: justify;\"><div class=\"ap_tagline_box clearfix ap-left-border-box\">Workshop Fouet<\/div><\/h2>\n<p style=\"text-align: justify;\">Un atelier sur un apr\u00e8s-midi pour connaitre toutes les bases pour la mise en \u0153uvre d&rsquo;une s\u00e9ance de fouet et jeux d&rsquo;impacts r\u00e9ussie.<\/p>\n<p style=\"text-align: justify;\"><ul class=\"ap-list ap-list3\"><li>10 personnes maximum<\/li>\n<li>Informations th\u00e9oriques et mise en pratique<\/li>\n<li>Dur\u00e9e 3 heures<\/li>\n<li>Workshop anim\u00e9 par Jeff<\/li>\n<li>Organis\u00e9e les samedis apr\u00e8s-midi tous les six mois environ<\/li><\/ul><\/p>\n<p style=\"text-align: justify;\">Plus d&rsquo;informations sur nos Workshops Fouet\u00a0<a href=\"https:\/\/lecavo.ch\/soirees\/workshop-fouet\/\">ici<\/a>.<\/p>\n<p style=\"text-align: justify;\">Une formation individuelle est \u00e9galement possible. <a href=\"https:\/\/lecavo.ch\/soirees\/nous-contacter\/\">Contactez-nous<\/a> si vous \u00eates int\u00e9ress\u00e9s.<\/p>\n<h2 style=\"text-align: justify;\"><div class=\"ap_tagline_box clearfix ap-left-border-box\">Workshop Shibari<\/div><\/h2>\n<p style=\"text-align: justify;\">Un atelier sur un apr\u00e8s-midi pour acqu\u00e9rir les bases pour effectuer vos premiers bondages en toute s\u00e9curit\u00e9. Des workshops de techniques avanc\u00e9es peuvent \u00eatre \u00e9galement organis\u00e9s si la demande est suffisante.<\/p>\n<p style=\"text-align: justify;\"><ul class=\"ap-list ap-list3\"><li>10 personnes maximum<\/li>\n<li>Informations th\u00e9oriques et mise en pratique<\/li>\n<li>Dur\u00e9e 3 heures<\/li>\n<li>Workshop anim\u00e9 par un intervenant externe<\/li>\n<li>Organis\u00e9e les samedis apr\u00e8s-midi tous les six mois environ<\/li><\/ul><\/p>\n<p style=\"text-align: justify;\">Une formation individuelle est \u00e9galement possible. <a href=\"https:\/\/lecavo.ch\/soirees\/nous-contacter\/\">Contactez-nous<\/a> si vous \u00eates int\u00e9ress\u00e9s.<\/p>\n<h2 style=\"text-align: justify;\"><div class=\"ap_tagline_box clearfix ap-left-border-box\">La Nuit des 12 Coups<\/div><\/h2>\n<p style=\"text-align: justify;\">Notre festive soir\u00e9e BDSM sp\u00e9ciale Jour de l&rsquo;an organis\u00e9e autour d&rsquo;un buffet canadien. Nos invit\u00e9s y \u00ab\u00a0marquent\u00a0\u00bb \u00a0traditionnellement ensemble les 12 coups du passage \u00e0 la nouvelle ann\u00e9e&#8230;<\/p>\n<p style=\"text-align: justify;\"><ul class=\"ap-list ap-list3\"><li>12 personnes maximum<\/li>\n<li>4 Couples, 2 femmes seules, 2 hommes seuls<\/li>\n<li>Toutes orientations BDSM<\/li>\n<li>Toutes exp\u00e9riences BDSM<\/li>\n<li>Organis\u00e9e tous les 31 d\u00e9cembre autour d&rsquo;un buffet canadien<\/li><\/ul><\/p>\n<h1 style=\"text-align: justify;\"><div class=\"ap_tagline_box clearfix ap-left-border-box\">Nous accueillons \u00e9galement&#8230;<\/div><\/h1>\n<h5 style=\"text-align: justify;\">Le boudoir de Nicky<\/h5>\n<p style=\"text-align: justify;\">Dans le cadre de ses activit\u00e9s d\u2019accompagnement et de coaching, Nicky organise des formations BDSM, des munchs r\u00e9serv\u00e9s aux femmes, des accompagnements individuels ou de couples dans notre donjon. \u00c0 d\u00e9couvrir sur le site du <a href=\"https:\/\/boudoirdenicky.com\" target=\"_blank\" rel=\"noopener noreferrer\">Boudoir de Nicky<\/a>.<\/p>\n<h5 style=\"text-align: justify;\">The Rise<\/h5>\n<p style=\"text-align: justify;\">Les jeunes s&rsquo;organisent ! Master Tuts organise des <a href=\"https:\/\/lecavo.ch\/soirees\/le-cavo-accueille-the-rise\/\">rencontres BDSM destin\u00e9es aux 18-35 ans<\/a>.<br \/>\nC&rsquo;est pour leur donner la possibilit\u00e9 de pratiquer dans une espace appropri\u00e9 et s\u00e9curis\u00e9 que nous leurs ouvrons notre donjon. Ces rencontres sont anim\u00e9es avec le soutien de Nicky. D\u00e9couvrez The Rise <a href=\"https:\/\/fetlife.com\/groups\/161526\" target=\"_blank\" rel=\"noopener noreferrer\">sur Fetlife<\/a>.<\/p>\n<h1 style=\"text-align: justify;\"><div class=\"ap_tagline_box clearfix ap-left-border-box\">Avant de nous rejoindre<\/div><\/h1>\n<p style=\"text-align: justify;\">Certaines de nos activit\u00e9s vous int\u00e9ressent et vous projetez de nous rejoindre\u2009? Nous vous proposons avant toute chose de lire la\u00a0<a href=\"https:\/\/lecavo.ch\/soirees\/dates\/regles-et-usages\/\">page d&rsquo;information<\/a> et les\u00a0<a href=\"https:\/\/lecavo.ch\/soirees\/dates\/questions-reponses\/\">Questions-R\u00e9ponses<\/a>.<\/p>\n<p style=\"text-align: justify;\">Nous vous sugg\u00e9rons \u00e9galement de parcourir la <a href=\"https:\/\/lecavo.ch\/soirees\/categorie\/nouveautes\/\">section des nouveaut\u00e9s<\/a> sur notre blog.<\/p>\n<p style=\"text-align: justify;\">Toutes les demandes de participation se font en ligne sur notre site. Apr\u00e8s avoir <a href=\"https:\/\/lecavo.ch\/soirees\/wp-login.php?action=register\">cr\u00e9\u00e9 un compte utilisateur<\/a>, vous pourrez vous rendre sur <a href=\"https:\/\/lecavo.ch\/soirees\/dates\/\">la page des inscriptions<\/a>\u00a0aux soir\u00e9es pour effectuer votre r\u00e9servation.<\/p>\n<p style=\"text-align: justify;\">Une fois votre demande effectu\u00e9e, v\u00e9rifiez votre email : vous y trouverez un message vous communiquant le num\u00e9ro de t\u00e9l\u00e9phone o\u00f9 nous vous demandons de nous appeler. Cette \u00e9tape est n\u00e9cessaire pour la validation de votre inscription, car il est important pour nous de pouvoir faire votre connaissance avant votre visite. Nous prendrons aussi le temps de r\u00e9pondre \u00e0 toutes vos questions lors de ce premier contact. Sans appel de votre part, nous annulerons votre demande apr\u00e8s trois jours.<\/p>\n<p style=\"text-align: justify;\">Sentez-vous libre de <a href=\"https:\/\/lecavo.ch\/soirees\/nous-contacter\/\">nous contacter<\/a> si vous avez encore des questions<\/p>\n<p style=\"text-align: justify;\">Au plaisir de vous accueillir et partager avec vous notre univers BDSM,<\/p>\n<p style=\"text-align: justify;\"><em>jeff &amp; Nicky<\/em><\/p>\n<p style=\"text-align: center;\"><a href=\"https:\/\/lecavo.ch\/soirees\/dates\/\" class=\"bttn ap-outline-bttn ap-small-bttn ap-default-bttn ap-align-none\">Voir nos prochaines soir\u00e9es<\/a><\/p>\n","protected":false},"excerpt":{"rendered":"<p>Depuis la cr\u00e9ation des soir\u00e9es BDSM du Cav&rsquo;O en 2005, nous avons d\u00e9velopp\u00e9 diff\u00e9rentes th\u00e9matiques de rencontres pour r\u00e9pondre aux attentes de chacune et chacun d&rsquo;entre-vous. Voici un court r\u00e9sum\u00e9 des \u00e9v\u00e8nements que nous proposons : Nos classiques soir\u00e9es BDSM qui ont fait la r\u00e9putation de Cav&rsquo;O. Nos soir\u00e9es BDSM r\u00e9serv\u00e9es aux couples. Nos soir\u00e9es&#8230;<\/p>\n","protected":false},"author":1,"featured_media":0,"parent":0,"menu_order":0,"comment_status":"closed","ping_status":"closed","template":"","meta":{"footnotes":""},"class_list":["post-5136","page","type-page","status-publish","hentry"],"yoast_head":"<!-- This site is optimized with the Yoast SEO plugin v27.1.1 - https:\/\/yoast.com\/product\/yoast-seo-wordpress\/ -->\n<title>Nos Activit\u00e9s - Le CavO<\/title>\n<meta name=\"description\" content=\"Nous avons d\u00e9velopp\u00e9 diff\u00e9rentes th\u00e9matiques de rencontres pour r\u00e9pondre aux attentes de chacune et chacun d&#039;entre-vous. Tour d&#039;horizon sur nos activit\u00e9s : Soir\u00e9es BDSM, Soir\u00e9es BDSM Couples, Soir\u00e9es Domination f\u00e9minine, Soir\u00e9es Soumises, Soir\u00e9es d\u00e9butants, Munch D\u00e9couverte, workshops fouets et shibari...\" \/>\n<meta name=\"robots\" content=\"index, follow, max-snippet:-1, max-image-preview:large, max-video-preview:-1\" \/>\n<link rel=\"canonical\" href=\"https:\/\/lecavo.ch\/soirees\/nos-activites\/\" \/>\n<meta property=\"og:locale\" content=\"fr_FR\" \/>\n<meta property=\"og:type\" content=\"article\" \/>\n<meta property=\"og:title\" content=\"Nos Activit\u00e9s - Le CavO\" \/>\n<meta property=\"og:description\" content=\"Nous avons d\u00e9velopp\u00e9 diff\u00e9rentes th\u00e9matiques de rencontres pour r\u00e9pondre aux attentes de chacune et chacun d&#039;entre-vous. Tour d&#039;horizon sur nos activit\u00e9s : Soir\u00e9es BDSM, Soir\u00e9es BDSM Couples, Soir\u00e9es Domination f\u00e9minine, Soir\u00e9es Soumises, Soir\u00e9es d\u00e9butants, Munch D\u00e9couverte, workshops fouets et shibari...\" \/>\n<meta property=\"og:url\" content=\"https:\/\/lecavo.ch\/soirees\/nos-activites\/\" \/>\n<meta property=\"og:site_name\" content=\"Le CavO\" \/>\n<meta property=\"article:modified_time\" content=\"2020-10-08T07:06:34+00:00\" \/>\n<meta name=\"twitter:card\" content=\"summary_large_image\" \/>\n<meta name=\"twitter:site\" content=\"@Le_CavO\" \/>\n<meta name=\"twitter:label1\" content=\"Dur\u00e9e de lecture estim\u00e9e\" \/>\n\t<meta name=\"twitter:data1\" content=\"7 minutes\" \/>\n<script type=\"application\/ld+json\" class=\"yoast-schema-graph\">{\"@context\":\"https:\/\/schema.org\",\"@graph\":[{\"@type\":\"WebPage\",\"@id\":\"https:\/\/lecavo.ch\/soirees\/nos-activites\/\",\"url\":\"https:\/\/lecavo.ch\/soirees\/nos-activites\/\",\"name\":\"Nos Activit\u00e9s - Le CavO\",\"isPartOf\":{\"@id\":\"https:\/\/lecavo.ch\/soirees\/#website\"},\"datePublished\":\"2018-03-04T00:53:34+00:00\",\"dateModified\":\"2020-10-08T07:06:34+00:00\",\"description\":\"Nous avons d\u00e9velopp\u00e9 diff\u00e9rentes th\u00e9matiques de rencontres pour r\u00e9pondre aux attentes de chacune et chacun d'entre-vous. Tour d'horizon sur nos activit\u00e9s : Soir\u00e9es BDSM, Soir\u00e9es BDSM Couples, Soir\u00e9es Domination f\u00e9minine, Soir\u00e9es Soumises, Soir\u00e9es d\u00e9butants, Munch D\u00e9couverte, workshops fouets et shibari...\",\"breadcrumb\":{\"@id\":\"https:\/\/lecavo.ch\/soirees\/nos-activites\/#breadcrumb\"},\"inLanguage\":\"fr-FR\",\"potentialAction\":[{\"@type\":\"ReadAction\",\"target\":[\"https:\/\/lecavo.ch\/soirees\/nos-activites\/\"]}]},{\"@type\":\"BreadcrumbList\",\"@id\":\"https:\/\/lecavo.ch\/soirees\/nos-activites\/#breadcrumb\",\"itemListElement\":[{\"@type\":\"ListItem\",\"position\":1,\"name\":\"Accueil\",\"item\":\"https:\/\/lecavo.ch\/soirees\/\"},{\"@type\":\"ListItem\",\"position\":2,\"name\":\"Nos Activit\u00e9s\"}]},{\"@type\":\"WebSite\",\"@id\":\"https:\/\/lecavo.ch\/soirees\/#website\",\"url\":\"https:\/\/lecavo.ch\/soirees\/\",\"name\":\"Le CavO\",\"description\":\"Ev\u00e8nements et Soir\u00e9es BDSM en Suisse Romande\",\"publisher\":{\"@id\":\"https:\/\/lecavo.ch\/soirees\/#\/schema\/person\/0250be2159f0c169e5a02c51a2133842\"},\"potentialAction\":[{\"@type\":\"SearchAction\",\"target\":{\"@type\":\"EntryPoint\",\"urlTemplate\":\"https:\/\/lecavo.ch\/soirees\/?s={search_term_string}\"},\"query-input\":{\"@type\":\"PropertyValueSpecification\",\"valueRequired\":true,\"valueName\":\"search_term_string\"}}],\"inLanguage\":\"fr-FR\"},{\"@type\":[\"Person\",\"Organization\"],\"@id\":\"https:\/\/lecavo.ch\/soirees\/#\/schema\/person\/0250be2159f0c169e5a02c51a2133842\",\"name\":\"Le CavO\",\"logo\":{\"@id\":\"https:\/\/lecavo.ch\/soirees\/#\/schema\/person\/image\/\"},\"sameAs\":[\"https:\/\/lecavo.ch\"]}]}<\/script>\n<!-- \/ Yoast SEO plugin. -->","yoast_head_json":{"title":"Nos Activit\u00e9s - Le CavO","description":"Nous avons d\u00e9velopp\u00e9 diff\u00e9rentes th\u00e9matiques de rencontres pour r\u00e9pondre aux attentes de chacune et chacun d'entre-vous. Tour d'horizon sur nos activit\u00e9s : Soir\u00e9es BDSM, Soir\u00e9es BDSM Couples, Soir\u00e9es Domination f\u00e9minine, Soir\u00e9es Soumises, Soir\u00e9es d\u00e9butants, Munch D\u00e9couverte, workshops fouets et shibari...","robots":{"index":"index","follow":"follow","max-snippet":"max-snippet:-1","max-image-preview":"max-image-preview:large","max-video-preview":"max-video-preview:-1"},"canonical":"https:\/\/lecavo.ch\/soirees\/nos-activites\/","og_locale":"fr_FR","og_type":"article","og_title":"Nos Activit\u00e9s - Le CavO","og_description":"Nous avons d\u00e9velopp\u00e9 diff\u00e9rentes th\u00e9matiques de rencontres pour r\u00e9pondre aux attentes de chacune et chacun d'entre-vous. Tour d'horizon sur nos activit\u00e9s : Soir\u00e9es BDSM, Soir\u00e9es BDSM Couples, Soir\u00e9es Domination f\u00e9minine, Soir\u00e9es Soumises, Soir\u00e9es d\u00e9butants, Munch D\u00e9couverte, workshops fouets et shibari...","og_url":"https:\/\/lecavo.ch\/soirees\/nos-activites\/","og_site_name":"Le CavO","article_modified_time":"2020-10-08T07:06:34+00:00","twitter_card":"summary_large_image","twitter_site":"@Le_CavO","twitter_misc":{"Dur\u00e9e de lecture estim\u00e9e":"7 minutes"},"schema":{"@context":"https:\/\/schema.org","@graph":[{"@type":"WebPage","@id":"https:\/\/lecavo.ch\/soirees\/nos-activites\/","url":"https:\/\/lecavo.ch\/soirees\/nos-activites\/","name":"Nos Activit\u00e9s - Le CavO","isPartOf":{"@id":"https:\/\/lecavo.ch\/soirees\/#website"},"datePublished":"2018-03-04T00:53:34+00:00","dateModified":"2020-10-08T07:06:34+00:00","description":"Nous avons d\u00e9velopp\u00e9 diff\u00e9rentes th\u00e9matiques de rencontres pour r\u00e9pondre aux attentes de chacune et chacun d'entre-vous. Tour d'horizon sur nos activit\u00e9s : Soir\u00e9es BDSM, Soir\u00e9es BDSM Couples, Soir\u00e9es Domination f\u00e9minine, Soir\u00e9es Soumises, Soir\u00e9es d\u00e9butants, Munch D\u00e9couverte, workshops fouets et shibari...","breadcrumb":{"@id":"https:\/\/lecavo.ch\/soirees\/nos-activites\/#breadcrumb"},"inLanguage":"fr-FR","potentialAction":[{"@type":"ReadAction","target":["https:\/\/lecavo.ch\/soirees\/nos-activites\/"]}]},{"@type":"BreadcrumbList","@id":"https:\/\/lecavo.ch\/soirees\/nos-activites\/#breadcrumb","itemListElement":[{"@type":"ListItem","position":1,"name":"Accueil","item":"https:\/\/lecavo.ch\/soirees\/"},{"@type":"ListItem","position":2,"name":"Nos Activit\u00e9s"}]},{"@type":"WebSite","@id":"https:\/\/lecavo.ch\/soirees\/#website","url":"https:\/\/lecavo.ch\/soirees\/","name":"Le CavO","description":"Ev\u00e8nements et Soir\u00e9es BDSM en Suisse Romande","publisher":{"@id":"https:\/\/lecavo.ch\/soirees\/#\/schema\/person\/0250be2159f0c169e5a02c51a2133842"},"potentialAction":[{"@type":"SearchAction","target":{"@type":"EntryPoint","urlTemplate":"https:\/\/lecavo.ch\/soirees\/?s={search_term_string}"},"query-input":{"@type":"PropertyValueSpecification","valueRequired":true,"valueName":"search_term_string"}}],"inLanguage":"fr-FR"},{"@type":["Person","Organization"],"@id":"https:\/\/lecavo.ch\/soirees\/#\/schema\/person\/0250be2159f0c169e5a02c51a2133842","name":"Le CavO","logo":{"@id":"https:\/\/lecavo.ch\/soirees\/#\/schema\/person\/image\/"},"sameAs":["https:\/\/lecavo.ch"]}]}},"_links":{"self":[{"href":"https:\/\/lecavo.ch\/soirees\/wp-json\/wp\/v2\/pages\/5136","targetHints":{"allow":["GET"]}}],"collection":[{"href":"https:\/\/lecavo.ch\/soirees\/wp-json\/wp\/v2\/pages"}],"about":[{"href":"https:\/\/lecavo.ch\/soirees\/wp-json\/wp\/v2\/types\/page"}],"author":[{"embeddable":true,"href":"https:\/\/lecavo.ch\/soirees\/wp-json\/wp\/v2\/users\/1"}],"replies":[{"embeddable":true,"href":"https:\/\/lecavo.ch\/soirees\/wp-json\/wp\/v2\/comments?post=5136"}],"version-history":[{"count":0,"href":"https:\/\/lecavo.ch\/soirees\/wp-json\/wp\/v2\/pages\/5136\/revisions"}],"wp:attachment":[{"href":"https:\/\/lecavo.ch\/soirees\/wp-json\/wp\/v2\/media?parent=5136"}],"curies":[{"name":"wp","href":"https:\/\/api.w.org\/{rel}","templated":true}]}}