{"id":655,"date":"2013-11-01T09:23:19","date_gmt":"2013-11-01T08:23:19","guid":{"rendered":"http:\/\/lecavo.ch\/soirees\/?page_id=655"},"modified":"2018-01-16T20:56:56","modified_gmt":"2018-01-16T19:56:56","slug":"le-cavo-sur-twitter","status":"publish","type":"page","link":"https:\/\/lecavo.ch\/soirees\/le-cavo-sur-twitter\/","title":{"rendered":"Twitter"},"content":{"rendered":"<div id=\"pl-655\"  class=\"panel-layout\" ><div id=\"pg-655-0\"  class=\"panel-grid panel-no-style\" ><div id=\"pgc-655-0-0\"  class=\"panel-grid-cell\" ><div id=\"panel-655-0-0-0\" class=\"so-panel widget widget_sow-editor panel-first-child panel-last-child\" data-index=\"0\" ><div\n\t\t\t\n\t\t\tclass=\"so-widget-sow-editor so-widget-sow-editor-base\"\n\t\t\t\n\t\t>\n<div class=\"siteorigin-widget-tinymce textwidget\">\n\t<h3 style=\"text-align: left;\"><div class=\"ap_tagline_box clearfix ap-left-border-box\">Le Cav'O sur Twitter<\/div><\/h3>\n<p style=\"text-align: left;\">En nous suivant sur Twitter, vous serez imm\u00e9diatement inform\u00e9 de la mise en ligne des dates de nos soir\u00e9es ainsi que de l'annonce des places de derni\u00e8re minute.<\/p>\n<p style=\"text-align: center;\"><a href=\"https:\/\/twitter.com\/Le_CavO\" class=\"bttn ap-outline-bttn ap-small-bttn ap-default-bttn ap-align-none\">Tweets de @Le_cavO<\/a><\/p>\n<\/div>\n<\/div><\/div><\/div><\/div><\/div>","protected":false},"excerpt":{"rendered":"<p>En nous suivant sur Twitter, vous serez imm\u00e9diatement inform\u00e9 de la mise en ligne des dates de nos soir\u00e9es ainsi que de l&rsquo;annonce des places de derni\u00e8re minute.<\/p>\n","protected":false},"author":1,"featured_media":0,"parent":0,"menu_order":52,"comment_status":"closed","ping_status":"closed","template":"","meta":{"footnotes":""},"class_list":["post-655","page","type-page","status-publish","hentry"],"yoast_head":"<!-- This site is optimized with the Yoast SEO plugin v27.1.1 - https:\/\/yoast.com\/product\/yoast-seo-wordpress\/ -->\n<title>Twitter - Le CavO<\/title>\n<meta name=\"robots\" content=\"index, follow, max-snippet:-1, max-image-preview:large, max-video-preview:-1\" \/>\n<link rel=\"canonical\" href=\"https:\/\/lecavo.ch\/soirees\/le-cavo-sur-twitter\/\" \/>\n<meta property=\"og:locale\" content=\"fr_FR\" \/>\n<meta property=\"og:type\" content=\"article\" \/>\n<meta property=\"og:title\" content=\"Twitter - Le CavO\" \/>\n<meta property=\"og:description\" content=\"En nous suivant sur Twitter, vous serez imm\u00e9diatement inform\u00e9 de la mise en ligne des dates de nos soir\u00e9es ainsi que de l&#039;annonce des places de derni\u00e8re minute.\" \/>\n<meta property=\"og:url\" content=\"https:\/\/lecavo.ch\/soirees\/le-cavo-sur-twitter\/\" \/>\n<meta property=\"og:site_name\" content=\"Le CavO\" \/>\n<meta property=\"article:modified_time\" content=\"2018-01-16T19:56:56+00:00\" \/>\n<meta name=\"twitter:card\" content=\"summary_large_image\" \/>\n<meta name=\"twitter:site\" content=\"@Le_CavO\" \/>\n<script type=\"application\/ld+json\" class=\"yoast-schema-graph\">{\"@context\":\"https:\/\/schema.org\",\"@graph\":[{\"@type\":\"WebPage\",\"@id\":\"https:\/\/lecavo.ch\/soirees\/le-cavo-sur-twitter\/\",\"url\":\"https:\/\/lecavo.ch\/soirees\/le-cavo-sur-twitter\/\",\"name\":\"Twitter - Le CavO\",\"isPartOf\":{\"@id\":\"https:\/\/lecavo.ch\/soirees\/#website\"},\"datePublished\":\"2013-11-01T08:23:19+00:00\",\"dateModified\":\"2018-01-16T19:56:56+00:00\",\"breadcrumb\":{\"@id\":\"https:\/\/lecavo.ch\/soirees\/le-cavo-sur-twitter\/#breadcrumb\"},\"inLanguage\":\"fr-FR\",\"potentialAction\":[{\"@type\":\"ReadAction\",\"target\":[\"https:\/\/lecavo.ch\/soirees\/le-cavo-sur-twitter\/\"]}]},{\"@type\":\"BreadcrumbList\",\"@id\":\"https:\/\/lecavo.ch\/soirees\/le-cavo-sur-twitter\/#breadcrumb\",\"itemListElement\":[{\"@type\":\"ListItem\",\"position\":1,\"name\":\"Accueil\",\"item\":\"https:\/\/lecavo.ch\/soirees\/\"},{\"@type\":\"ListItem\",\"position\":2,\"name\":\"Twitter\"}]},{\"@type\":\"WebSite\",\"@id\":\"https:\/\/lecavo.ch\/soirees\/#website\",\"url\":\"https:\/\/lecavo.ch\/soirees\/\",\"name\":\"Le CavO\",\"description\":\"Ev\u00e8nements et Soir\u00e9es BDSM en Suisse Romande\",\"publisher\":{\"@id\":\"https:\/\/lecavo.ch\/soirees\/#\/schema\/person\/0250be2159f0c169e5a02c51a2133842\"},\"potentialAction\":[{\"@type\":\"SearchAction\",\"target\":{\"@type\":\"EntryPoint\",\"urlTemplate\":\"https:\/\/lecavo.ch\/soirees\/?s={search_term_string}\"},\"query-input\":{\"@type\":\"PropertyValueSpecification\",\"valueRequired\":true,\"valueName\":\"search_term_string\"}}],\"inLanguage\":\"fr-FR\"},{\"@type\":[\"Person\",\"Organization\"],\"@id\":\"https:\/\/lecavo.ch\/soirees\/#\/schema\/person\/0250be2159f0c169e5a02c51a2133842\",\"name\":\"Le CavO\",\"logo\":{\"@id\":\"https:\/\/lecavo.ch\/soirees\/#\/schema\/person\/image\/\"},\"sameAs\":[\"https:\/\/lecavo.ch\"]}]}<\/script>\n<!-- \/ Yoast SEO plugin. -->","yoast_head_json":{"title":"Twitter - Le CavO","robots":{"index":"index","follow":"follow","max-snippet":"max-snippet:-1","max-image-preview":"max-image-preview:large","max-video-preview":"max-video-preview:-1"},"canonical":"https:\/\/lecavo.ch\/soirees\/le-cavo-sur-twitter\/","og_locale":"fr_FR","og_type":"article","og_title":"Twitter - Le CavO","og_description":"En nous suivant sur Twitter, vous serez imm\u00e9diatement inform\u00e9 de la mise en ligne des dates de nos soir\u00e9es ainsi que de l'annonce des places de derni\u00e8re minute.","og_url":"https:\/\/lecavo.ch\/soirees\/le-cavo-sur-twitter\/","og_site_name":"Le CavO","article_modified_time":"2018-01-16T19:56:56+00:00","twitter_card":"summary_large_image","twitter_site":"@Le_CavO","schema":{"@context":"https:\/\/schema.org","@graph":[{"@type":"WebPage","@id":"https:\/\/lecavo.ch\/soirees\/le-cavo-sur-twitter\/","url":"https:\/\/lecavo.ch\/soirees\/le-cavo-sur-twitter\/","name":"Twitter - Le CavO","isPartOf":{"@id":"https:\/\/lecavo.ch\/soirees\/#website"},"datePublished":"2013-11-01T08:23:19+00:00","dateModified":"2018-01-16T19:56:56+00:00","breadcrumb":{"@id":"https:\/\/lecavo.ch\/soirees\/le-cavo-sur-twitter\/#breadcrumb"},"inLanguage":"fr-FR","potentialAction":[{"@type":"ReadAction","target":["https:\/\/lecavo.ch\/soirees\/le-cavo-sur-twitter\/"]}]},{"@type":"BreadcrumbList","@id":"https:\/\/lecavo.ch\/soirees\/le-cavo-sur-twitter\/#breadcrumb","itemListElement":[{"@type":"ListItem","position":1,"name":"Accueil","item":"https:\/\/lecavo.ch\/soirees\/"},{"@type":"ListItem","position":2,"name":"Twitter"}]},{"@type":"WebSite","@id":"https:\/\/lecavo.ch\/soirees\/#website","url":"https:\/\/lecavo.ch\/soirees\/","name":"Le CavO","description":"Ev\u00e8nements et Soir\u00e9es BDSM en Suisse Romande","publisher":{"@id":"https:\/\/lecavo.ch\/soirees\/#\/schema\/person\/0250be2159f0c169e5a02c51a2133842"},"potentialAction":[{"@type":"SearchAction","target":{"@type":"EntryPoint","urlTemplate":"https:\/\/lecavo.ch\/soirees\/?s={search_term_string}"},"query-input":{"@type":"PropertyValueSpecification","valueRequired":true,"valueName":"search_term_string"}}],"inLanguage":"fr-FR"},{"@type":["Person","Organization"],"@id":"https:\/\/lecavo.ch\/soirees\/#\/schema\/person\/0250be2159f0c169e5a02c51a2133842","name":"Le CavO","logo":{"@id":"https:\/\/lecavo.ch\/soirees\/#\/schema\/person\/image\/"},"sameAs":["https:\/\/lecavo.ch"]}]}},"_links":{"self":[{"href":"https:\/\/lecavo.ch\/soirees\/wp-json\/wp\/v2\/pages\/655","targetHints":{"allow":["GET"]}}],"collection":[{"href":"https:\/\/lecavo.ch\/soirees\/wp-json\/wp\/v2\/pages"}],"about":[{"href":"https:\/\/lecavo.ch\/soirees\/wp-json\/wp\/v2\/types\/page"}],"author":[{"embeddable":true,"href":"https:\/\/lecavo.ch\/soirees\/wp-json\/wp\/v2\/users\/1"}],"replies":[{"embeddable":true,"href":"https:\/\/lecavo.ch\/soirees\/wp-json\/wp\/v2\/comments?post=655"}],"version-history":[{"count":0,"href":"https:\/\/lecavo.ch\/soirees\/wp-json\/wp\/v2\/pages\/655\/revisions"}],"wp:attachment":[{"href":"https:\/\/lecavo.ch\/soirees\/wp-json\/wp\/v2\/media?parent=655"}],"curies":[{"name":"wp","href":"https:\/\/api.w.org\/{rel}","templated":true}]}}