{"id":81,"date":"2010-02-15T09:39:04","date_gmt":"2010-02-15T08:39:04","guid":{"rendered":"http:\/\/lecavo.ch\/soirees\/?page_id=81"},"modified":"2018-08-18T08:27:34","modified_gmt":"2018-08-18T06:27:34","slug":"nous-contacter","status":"publish","type":"page","link":"https:\/\/lecavo.ch\/soirees\/nous-contacter\/","title":{"rendered":"Nous Contacter"},"content":{"rendered":"<h3><div class=\"ap_tagline_box clearfix ap-left-border-box\">Nous contacter&#8230;<\/div><\/h3>\n<p>Vous pouvez utiliser ce formulaire pour nous contacter. Nous vous r\u00e9pondrons dans les meilleurs d\u00e9lais.<\/p>\n<p><em>Retrouvez \u00e9galement les annonces des soir\u00e9es, places de derni\u00e8res minutes ainsi que les nouveaut\u00e9s\u00a0 sur Tweeter <a title=\"Suivez le Cav'O sur Tweeter\" href=\"https:\/\/twitter.com\/intent\/user?original_referer=http%3A%2F%2Flecavo.ch&amp;screen_name=Le_CavO\" target=\"_blank\" rel=\"noopener noreferrer\">@Le_CavO<\/a>\u00a0ainsi que sur <a href=\"https:\/\/lecavo.ch\/soirees\/newsletter\/\">notre Newsletter<\/a>.<br \/>\n<\/em><\/p>\n<p><em>Attention: Nous ne validons pas les demandes d&rsquo;inscriptions \u00e0 nos soir\u00e9es re\u00e7ues depuis ce formulaire. Merci de visiter <a href=\"https:\/\/lecavo.ch\/soirees\/dates\/\">cette section<\/a> pour vous inscrire.<\/em><\/p>\n\n<div class=\"wpcf7 no-js\" id=\"wpcf7-f1951-o1\" lang=\"fr-FR\" dir=\"ltr\" data-wpcf7-id=\"1951\">\n<div class=\"screen-reader-response\"><p role=\"status\" aria-live=\"polite\" aria-atomic=\"true\"><\/p> <ul><\/ul><\/div>\n<form action=\"\/soirees\/wp-json\/wp\/v2\/pages\/81#wpcf7-f1951-o1\" method=\"post\" class=\"wpcf7-form init wpcf7-acceptance-as-validation\" aria-label=\"Formulaire de contact\" novalidate=\"novalidate\" data-status=\"init\">\n<fieldset class=\"hidden-fields-container\"><input type=\"hidden\" name=\"_wpcf7\" value=\"1951\" \/><input type=\"hidden\" name=\"_wpcf7_version\" value=\"6.1.5\" \/><input type=\"hidden\" name=\"_wpcf7_locale\" value=\"fr_FR\" \/><input type=\"hidden\" name=\"_wpcf7_unit_tag\" value=\"wpcf7-f1951-o1\" \/><input type=\"hidden\" name=\"_wpcf7_container_post\" value=\"0\" \/><input type=\"hidden\" name=\"_wpcf7_posted_data_hash\" value=\"\" \/>\n<\/fieldset>\n<p>Votre pr\u00e9nom ou pseudo (obligatoire)\n<\/p>\n<p><span class=\"wpcf7-form-control-wrap\" data-name=\"your-name\"><input size=\"40\" maxlength=\"400\" class=\"wpcf7-form-control wpcf7-text wpcf7-validates-as-required\" aria-required=\"true\" aria-invalid=\"false\" value=\"\" type=\"text\" name=\"your-name\" \/><\/span>\n<\/p>\n<p>Votre email (obligatoire)\n<\/p>\n<p><span class=\"wpcf7-form-control-wrap\" data-name=\"your-email\"><input size=\"40\" maxlength=\"400\" class=\"wpcf7-form-control wpcf7-email wpcf7-validates-as-required wpcf7-text wpcf7-validates-as-email\" aria-required=\"true\" aria-invalid=\"false\" value=\"\" type=\"email\" name=\"your-email\" \/><\/span>\n<\/p>\n<p>Sujet\n<\/p>\n<p><span class=\"wpcf7-form-control-wrap\" data-name=\"your-subject\"><input size=\"40\" maxlength=\"400\" class=\"wpcf7-form-control wpcf7-text\" aria-invalid=\"false\" value=\"\" type=\"text\" name=\"your-subject\" \/><\/span>\n<\/p>\n<p>Votre message\n<\/p>\n<p><span class=\"wpcf7-form-control-wrap\" data-name=\"your-message\"><textarea cols=\"40\" rows=\"10\" maxlength=\"2000\" class=\"wpcf7-form-control wpcf7-textarea\" aria-invalid=\"false\" name=\"your-message\"><\/textarea><\/span>\n<\/p>\n<p><span class=\"wpcf7-form-control-wrap\" data-name=\"newsletter\"><span class=\"wpcf7-form-control wpcf7-checkbox\"><span class=\"wpcf7-list-item first last\"><input type=\"checkbox\" name=\"newsletter[]\" value=\"Tenez-moi inform\u00e9 des dates des soir\u00e9es Cav&#039;O (environ 1 message par mois)\" checked=\"checked\" \/><span class=\"wpcf7-list-item-label\">Tenez-moi inform\u00e9 des dates des soir\u00e9es Cav&#039;O (environ 1 message par mois)<\/span><\/span><\/span><\/span>\n<\/p>\n<p><span class=\"wpcf7-form-control-wrap\" data-name=\"acceptance-523\"><span class=\"wpcf7-form-control wpcf7-acceptance\"><span class=\"wpcf7-list-item\"><input type=\"checkbox\" name=\"acceptance-523\" value=\"1\" aria-invalid=\"false\" \/><\/span><\/span><\/span> Je d\u00e9clare avoir 18 ans r\u00e9volus (obligatoire)\n<\/p>\n<p><input class=\"wpcf7-form-control wpcf7-submit has-spinner\" type=\"submit\" value=\"Envoyer\" \/>\n<\/p><p style=\"display: none !important;\" class=\"akismet-fields-container\" data-prefix=\"_wpcf7_ak_\"><label>&#916;<textarea name=\"_wpcf7_ak_hp_textarea\" cols=\"45\" rows=\"8\" maxlength=\"100\"><\/textarea><\/label><input type=\"hidden\" id=\"ak_js_1\" name=\"_wpcf7_ak_js\" value=\"77\"\/><script>document.getElementById( \"ak_js_1\" ).setAttribute( \"value\", ( new Date() ).getTime() );<\/script><\/p><div class=\"wpcf7-response-output\" aria-hidden=\"true\"><\/div>\n<\/form>\n<\/div>\n\n<p>Retrouvez-nous \u00e9galement sur <a href=\"https:\/\/fetlife.com\/users\/5247806\" target=\"_blank\" rel=\"noopener noreferrer\">Fetlife<\/a>\u00a0:<\/p>\n<p><a href=\"https:\/\/fetlife.com\/users\/5247806\" target=\"_blank\" rel=\"noopener noreferrer\"><img loading=\"lazy\" decoding=\"async\" class=\"aligncenter size-full wp-image-2105\" src=\"https:\/\/lecavo.ch\/soirees\/wp-content\/uploads\/2015\/10\/we_heart_fetlife_120.png\" alt=\"Le Cav'O Aime Fetlife\" width=\"120\" height=\"120\" \/><\/a><\/p>\n","protected":false},"excerpt":{"rendered":"<p>Vous pouvez utiliser ce formulaire pour nous contacter. Nous vous r\u00e9pondrons dans les meilleurs d\u00e9lais. Retrouvez \u00e9galement les annonces des soir\u00e9es, places de derni\u00e8res minutes ainsi que les nouveaut\u00e9s\u00a0 sur Tweeter @Le_CavO\u00a0ainsi que sur notre Newsletter. Attention: Nous ne validons pas les demandes d&rsquo;inscriptions \u00e0 nos soir\u00e9es re\u00e7ues depuis ce formulaire. Merci de visiter cette&#8230;<\/p>\n","protected":false},"author":1,"featured_media":0,"parent":0,"menu_order":50,"comment_status":"closed","ping_status":"closed","template":"","meta":{"footnotes":""},"class_list":["post-81","page","type-page","status-publish","hentry"],"yoast_head":"<!-- This site is optimized with the Yoast SEO plugin v27.1.1 - https:\/\/yoast.com\/product\/yoast-seo-wordpress\/ -->\n<title>Nous Contacter - Le CavO<\/title>\n<meta name=\"description\" content=\"Pour contacter Jeff &amp; Lady Nicky du Cav&#039;O \u00e0 Lausanne, vous pouvez utiliser ce formulaire de contact.\" \/>\n<meta name=\"robots\" content=\"index, follow, max-snippet:-1, max-image-preview:large, max-video-preview:-1\" \/>\n<link rel=\"canonical\" href=\"https:\/\/lecavo.ch\/soirees\/nous-contacter\/\" \/>\n<meta property=\"og:locale\" content=\"fr_FR\" \/>\n<meta property=\"og:type\" content=\"article\" \/>\n<meta property=\"og:title\" content=\"Nous Contacter - Le CavO\" \/>\n<meta property=\"og:description\" content=\"Pour contacter Jeff &amp; Lady Nicky du Cav&#039;O \u00e0 Lausanne, vous pouvez utiliser ce formulaire de contact.\" \/>\n<meta property=\"og:url\" content=\"https:\/\/lecavo.ch\/soirees\/nous-contacter\/\" \/>\n<meta property=\"og:site_name\" content=\"Le CavO\" \/>\n<meta property=\"article:modified_time\" content=\"2018-08-18T06:27:34+00:00\" \/>\n<meta property=\"og:image\" content=\"https:\/\/lecavo.ch\/soirees\/wp-content\/uploads\/2015\/10\/we_heart_fetlife_120.png\" \/>\n<meta name=\"twitter:card\" content=\"summary_large_image\" \/>\n<meta name=\"twitter:site\" content=\"@Le_CavO\" \/>\n<script type=\"application\/ld+json\" class=\"yoast-schema-graph\">{\"@context\":\"https:\/\/schema.org\",\"@graph\":[{\"@type\":\"WebPage\",\"@id\":\"https:\/\/lecavo.ch\/soirees\/nous-contacter\/\",\"url\":\"https:\/\/lecavo.ch\/soirees\/nous-contacter\/\",\"name\":\"Nous Contacter - Le CavO\",\"isPartOf\":{\"@id\":\"https:\/\/lecavo.ch\/soirees\/#website\"},\"primaryImageOfPage\":{\"@id\":\"https:\/\/lecavo.ch\/soirees\/nous-contacter\/#primaryimage\"},\"image\":{\"@id\":\"https:\/\/lecavo.ch\/soirees\/nous-contacter\/#primaryimage\"},\"thumbnailUrl\":\"https:\/\/lecavo.ch\/soirees\/wp-content\/uploads\/2015\/10\/we_heart_fetlife_120.png\",\"datePublished\":\"2010-02-15T08:39:04+00:00\",\"dateModified\":\"2018-08-18T06:27:34+00:00\",\"description\":\"Pour contacter Jeff & Lady Nicky du Cav'O \u00e0 Lausanne, vous pouvez utiliser ce formulaire de contact.\",\"breadcrumb\":{\"@id\":\"https:\/\/lecavo.ch\/soirees\/nous-contacter\/#breadcrumb\"},\"inLanguage\":\"fr-FR\",\"potentialAction\":[{\"@type\":\"ReadAction\",\"target\":[\"https:\/\/lecavo.ch\/soirees\/nous-contacter\/\"]}]},{\"@type\":\"ImageObject\",\"inLanguage\":\"fr-FR\",\"@id\":\"https:\/\/lecavo.ch\/soirees\/nous-contacter\/#primaryimage\",\"url\":\"https:\/\/lecavo.ch\/soirees\/wp-content\/uploads\/2015\/10\/we_heart_fetlife_120.png\",\"contentUrl\":\"https:\/\/lecavo.ch\/soirees\/wp-content\/uploads\/2015\/10\/we_heart_fetlife_120.png\"},{\"@type\":\"BreadcrumbList\",\"@id\":\"https:\/\/lecavo.ch\/soirees\/nous-contacter\/#breadcrumb\",\"itemListElement\":[{\"@type\":\"ListItem\",\"position\":1,\"name\":\"Accueil\",\"item\":\"https:\/\/lecavo.ch\/soirees\/\"},{\"@type\":\"ListItem\",\"position\":2,\"name\":\"Nous Contacter\"}]},{\"@type\":\"WebSite\",\"@id\":\"https:\/\/lecavo.ch\/soirees\/#website\",\"url\":\"https:\/\/lecavo.ch\/soirees\/\",\"name\":\"Le CavO\",\"description\":\"Ev\u00e8nements et Soir\u00e9es BDSM en Suisse Romande\",\"publisher\":{\"@id\":\"https:\/\/lecavo.ch\/soirees\/#\/schema\/person\/0250be2159f0c169e5a02c51a2133842\"},\"potentialAction\":[{\"@type\":\"SearchAction\",\"target\":{\"@type\":\"EntryPoint\",\"urlTemplate\":\"https:\/\/lecavo.ch\/soirees\/?s={search_term_string}\"},\"query-input\":{\"@type\":\"PropertyValueSpecification\",\"valueRequired\":true,\"valueName\":\"search_term_string\"}}],\"inLanguage\":\"fr-FR\"},{\"@type\":[\"Person\",\"Organization\"],\"@id\":\"https:\/\/lecavo.ch\/soirees\/#\/schema\/person\/0250be2159f0c169e5a02c51a2133842\",\"name\":\"Le CavO\",\"logo\":{\"@id\":\"https:\/\/lecavo.ch\/soirees\/#\/schema\/person\/image\/\"},\"sameAs\":[\"https:\/\/lecavo.ch\"]}]}<\/script>\n<!-- \/ Yoast SEO plugin. -->","yoast_head_json":{"title":"Nous Contacter - Le CavO","description":"Pour contacter Jeff & Lady Nicky du Cav'O \u00e0 Lausanne, vous pouvez utiliser ce formulaire de contact.","robots":{"index":"index","follow":"follow","max-snippet":"max-snippet:-1","max-image-preview":"max-image-preview:large","max-video-preview":"max-video-preview:-1"},"canonical":"https:\/\/lecavo.ch\/soirees\/nous-contacter\/","og_locale":"fr_FR","og_type":"article","og_title":"Nous Contacter - Le CavO","og_description":"Pour contacter Jeff & Lady Nicky du Cav'O \u00e0 Lausanne, vous pouvez utiliser ce formulaire de contact.","og_url":"https:\/\/lecavo.ch\/soirees\/nous-contacter\/","og_site_name":"Le CavO","article_modified_time":"2018-08-18T06:27:34+00:00","og_image":[{"url":"https:\/\/lecavo.ch\/soirees\/wp-content\/uploads\/2015\/10\/we_heart_fetlife_120.png","type":"","width":"","height":""}],"twitter_card":"summary_large_image","twitter_site":"@Le_CavO","schema":{"@context":"https:\/\/schema.org","@graph":[{"@type":"WebPage","@id":"https:\/\/lecavo.ch\/soirees\/nous-contacter\/","url":"https:\/\/lecavo.ch\/soirees\/nous-contacter\/","name":"Nous Contacter - Le CavO","isPartOf":{"@id":"https:\/\/lecavo.ch\/soirees\/#website"},"primaryImageOfPage":{"@id":"https:\/\/lecavo.ch\/soirees\/nous-contacter\/#primaryimage"},"image":{"@id":"https:\/\/lecavo.ch\/soirees\/nous-contacter\/#primaryimage"},"thumbnailUrl":"https:\/\/lecavo.ch\/soirees\/wp-content\/uploads\/2015\/10\/we_heart_fetlife_120.png","datePublished":"2010-02-15T08:39:04+00:00","dateModified":"2018-08-18T06:27:34+00:00","description":"Pour contacter Jeff & Lady Nicky du Cav'O \u00e0 Lausanne, vous pouvez utiliser ce formulaire de contact.","breadcrumb":{"@id":"https:\/\/lecavo.ch\/soirees\/nous-contacter\/#breadcrumb"},"inLanguage":"fr-FR","potentialAction":[{"@type":"ReadAction","target":["https:\/\/lecavo.ch\/soirees\/nous-contacter\/"]}]},{"@type":"ImageObject","inLanguage":"fr-FR","@id":"https:\/\/lecavo.ch\/soirees\/nous-contacter\/#primaryimage","url":"https:\/\/lecavo.ch\/soirees\/wp-content\/uploads\/2015\/10\/we_heart_fetlife_120.png","contentUrl":"https:\/\/lecavo.ch\/soirees\/wp-content\/uploads\/2015\/10\/we_heart_fetlife_120.png"},{"@type":"BreadcrumbList","@id":"https:\/\/lecavo.ch\/soirees\/nous-contacter\/#breadcrumb","itemListElement":[{"@type":"ListItem","position":1,"name":"Accueil","item":"https:\/\/lecavo.ch\/soirees\/"},{"@type":"ListItem","position":2,"name":"Nous Contacter"}]},{"@type":"WebSite","@id":"https:\/\/lecavo.ch\/soirees\/#website","url":"https:\/\/lecavo.ch\/soirees\/","name":"Le CavO","description":"Ev\u00e8nements et Soir\u00e9es BDSM en Suisse Romande","publisher":{"@id":"https:\/\/lecavo.ch\/soirees\/#\/schema\/person\/0250be2159f0c169e5a02c51a2133842"},"potentialAction":[{"@type":"SearchAction","target":{"@type":"EntryPoint","urlTemplate":"https:\/\/lecavo.ch\/soirees\/?s={search_term_string}"},"query-input":{"@type":"PropertyValueSpecification","valueRequired":true,"valueName":"search_term_string"}}],"inLanguage":"fr-FR"},{"@type":["Person","Organization"],"@id":"https:\/\/lecavo.ch\/soirees\/#\/schema\/person\/0250be2159f0c169e5a02c51a2133842","name":"Le CavO","logo":{"@id":"https:\/\/lecavo.ch\/soirees\/#\/schema\/person\/image\/"},"sameAs":["https:\/\/lecavo.ch"]}]}},"_links":{"self":[{"href":"https:\/\/lecavo.ch\/soirees\/wp-json\/wp\/v2\/pages\/81","targetHints":{"allow":["GET"]}}],"collection":[{"href":"https:\/\/lecavo.ch\/soirees\/wp-json\/wp\/v2\/pages"}],"about":[{"href":"https:\/\/lecavo.ch\/soirees\/wp-json\/wp\/v2\/types\/page"}],"author":[{"embeddable":true,"href":"https:\/\/lecavo.ch\/soirees\/wp-json\/wp\/v2\/users\/1"}],"replies":[{"embeddable":true,"href":"https:\/\/lecavo.ch\/soirees\/wp-json\/wp\/v2\/comments?post=81"}],"version-history":[{"count":0,"href":"https:\/\/lecavo.ch\/soirees\/wp-json\/wp\/v2\/pages\/81\/revisions"}],"wp:attachment":[{"href":"https:\/\/lecavo.ch\/soirees\/wp-json\/wp\/v2\/media?parent=81"}],"curies":[{"name":"wp","href":"https:\/\/api.w.org\/{rel}","templated":true}]}}